{"id":11823,"date":"2016-03-30T16:00:38","date_gmt":"2016-03-30T15:00:38","guid":{"rendered":"http:\/\/www.escrimepaloise.com\/wordpress\/?page_id=11823"},"modified":"2016-12-17T11:33:18","modified_gmt":"2016-12-17T10:33:18","slug":"liens","status":"publish","type":"page","link":"https:\/\/www.escrimepaloise.com\/wordpress\/liens\/","title":{"rendered":"Liens"},"content":{"rendered":"<table border=\"1\" width=\"75%\">\n<tbody>\n<tr>\n<td width=\"72%\">\n<div align=\"left\">F\u00e9d\u00e9ration Internationale d&rsquo;Escrime<\/div>\n<\/td>\n<td width=\"28%\">\n<div align=\"center\"><a href=\"http:\/\/www.fie.ch\/\" target=\"_blank\"><img data-recalc-dims=\"1\" loading=\"lazy\" decoding=\"async\" src=\"https:\/\/i0.wp.com\/escrimepaloise.com\/logo\/logo_fie.gif?resize=79%2C60\" alt=\"\" width=\"79\" height=\"60\" border=\"0\" \/><\/a><\/div>\n<\/td>\n<\/tr>\n<tr>\n<td width=\"72%\">Conf\u00e9d\u00e9ration Europ\u00e9enne d&rsquo;Escrime<\/td>\n<td width=\"28%\">\n<div align=\"center\"><a href=\"http:\/\/www.eurofencing.info\/\" target=\"_blank\"><img data-recalc-dims=\"1\" loading=\"lazy\" decoding=\"async\" src=\"https:\/\/i0.wp.com\/escrimepaloise.com\/logo\/logo_cee.gif?resize=50%2C53\" alt=\"\" width=\"50\" height=\"53\" border=\"0\" \/><\/a><\/div>\n<\/td>\n<\/tr>\n<tr>\n<td width=\"72%\">\n<div align=\"left\">F\u00e9d\u00e9ration Fran\u00e7aise d&rsquo;Escrime<\/div>\n<\/td>\n<td width=\"28%\">\n<div align=\"center\"><a href=\"http:\/\/www.escrime-ffe.fr\/\" target=\"_blank\"><img data-recalc-dims=\"1\" loading=\"lazy\" decoding=\"async\" src=\"https:\/\/i0.wp.com\/escrimepaloise.com\/logo\/logo_ffe.gif?resize=94%2C50\" alt=\"\" width=\"94\" height=\"50\" border=\"0\" \/><\/a><\/div>\n<\/td>\n<\/tr>\n<tr>\n<td width=\"72%\">Handisport Escrime<\/td>\n<td width=\"28%\">\n<div align=\"center\"><a href=\"http:\/\/escrime.handisport.over-blog.com\/\" target=\"_blank\"><img data-recalc-dims=\"1\" loading=\"lazy\" decoding=\"async\" src=\"https:\/\/i0.wp.com\/escrimepaloise.com\/logo\/logo_handisport_escrime.jpg?resize=96%2C60\" alt=\"\" width=\"96\" height=\"60\" border=\"0\" \/><\/a><\/div>\n<\/td>\n<\/tr>\n<tr>\n<td width=\"72%\">\n<div align=\"left\">Ligue d&rsquo;Escrime d&rsquo;Aquitaine<\/div>\n<\/td>\n<td width=\"28%\">\n<div align=\"center\"><a href=\"http:\/\/escrimeaquitaine.free.fr\/\" target=\"_blank\"><img data-recalc-dims=\"1\" loading=\"lazy\" decoding=\"async\" src=\"https:\/\/i0.wp.com\/escrimepaloise.com\/logo\/logo_ligue-aquitaine.gif?resize=89%2C60\" alt=\"\" width=\"89\" height=\"60\" border=\"0\" \/><\/a><\/div>\n<\/td>\n<\/tr>\n<tr>\n<td bgcolor=\"#CCFFFF\" width=\"72%\">\n<div align=\"left\">Escrime Info<\/div>\n<\/td>\n<td width=\"28%\">\n<div align=\"center\"><a href=\"http:\/\/www.escrime-info.com\/\" target=\"_blank\"><img data-recalc-dims=\"1\" loading=\"lazy\" decoding=\"async\" src=\"https:\/\/i0.wp.com\/escrimepaloise.com\/logo\/logo_escrime-info.gif?resize=203%2C60\" alt=\"\" width=\"203\" height=\"60\" border=\"0\" \/><\/a><\/div>\n<\/td>\n<\/tr>\n<tr>\n<td bgcolor=\"#CCFFFF\" width=\"72%\">Club des supporters des Equipes de France<\/td>\n<td width=\"28%\">\n<div align=\"center\"><a href=\"http:\/\/www.supporters-escrime.fr\/\" target=\"_blank\"><img data-recalc-dims=\"1\" loading=\"lazy\" decoding=\"async\" src=\"https:\/\/i0.wp.com\/escrimepaloise.com\/logo\/logo_supporters_escrime.gif?resize=150%2C60\" alt=\"\" width=\"150\" height=\"60\" border=\"0\" \/><\/a><\/div>\n<\/td>\n<\/tr>\n<tr>\n<td bgcolor=\"#CCFFFF\" width=\"72%\">Dictionnaire des termes d&rsquo;escrime<\/td>\n<td width=\"28%\">\n<div align=\"center\"><a href=\"http:\/\/www.synec-doc.be\/escrime\/dico\/dico_escrime.html\" target=\"_blank\"><img data-recalc-dims=\"1\" loading=\"lazy\" decoding=\"async\" src=\"https:\/\/i0.wp.com\/escrimepaloise.com\/logo\/dico_escrime.gif?resize=116%2C60\" alt=\"\" width=\"116\" height=\"60\" border=\"0\" \/><\/a><\/div>\n<\/td>\n<\/tr>\n<tr>\n<td bgcolor=\"#CCFFFF\" width=\"72%\">Animation explicative sur l&rsquo;escrime<\/td>\n<td width=\"28%\">\n<div align=\"center\"><a href=\"http:\/\/escrimepaloise.com\/anim\/FE.html\" target=\"_blank\"><img data-recalc-dims=\"1\" loading=\"lazy\" decoding=\"async\" src=\"https:\/\/i0.wp.com\/escrimepaloise.com\/logo\/logo_JO2004_escrime.gif?resize=50%2C50\" alt=\"\" width=\"50\" height=\"50\" border=\"0\" \/><\/a><\/div>\n<\/td>\n<\/tr>\n<tr>\n<td bgcolor=\"#CCFFFF\" width=\"72%\">Logiciel Engarde<\/td>\n<td width=\"28%\">\n<div align=\"center\"><a href=\"http:\/\/www.engarde-escrime.com\/\" target=\"_blank\"><img data-recalc-dims=\"1\" loading=\"lazy\" decoding=\"async\" src=\"https:\/\/i0.wp.com\/escrimepaloise.com\/logo\/logo_engardeescrime.jpg?resize=118%2C33\" alt=\"\" width=\"118\" height=\"33\" border=\"0\" \/><\/a><\/div>\n<\/td>\n<\/tr>\n<tr>\n<td bgcolor=\"#CCFFFF\" width=\"72%\">Feuilles et r\u00e8glement \u00e0 t\u00e9l\u00e9charger<\/td>\n<td width=\"28%\">\n<div align=\"center\"><a href=\"http:\/\/escrimeenligne.free.fr\/\" target=\"_blank\"><img data-recalc-dims=\"1\" loading=\"lazy\" decoding=\"async\" src=\"https:\/\/i0.wp.com\/escrimepaloise.com\/logo\/logo_escrimeenligne.gif?resize=200%2C26\" alt=\"\" width=\"200\" height=\"26\" border=\"0\" \/><\/a><\/div>\n<\/td>\n<\/tr>\n<tr>\n<td bgcolor=\"#CCFFFF\" width=\"72%\">Emissions \u00ab\u00a0Engarde!\u00a0\u00bb de Sport +<\/td>\n<td width=\"28%\">\n<div align=\"center\"><a href=\"http:\/\/www.escrime-tv.fr\/\" target=\"_blank\"><img data-recalc-dims=\"1\" loading=\"lazy\" decoding=\"async\" src=\"https:\/\/i0.wp.com\/escrimepaloise.com\/logo\/logo_escrime_tv.jpg?resize=99%2C60\" alt=\"\" width=\"99\" height=\"60\" border=\"0\" \/><\/a><\/div>\n<\/td>\n<\/tr>\n<tr>\n<td bgcolor=\"#99FF99\" width=\"72%\">Ville de Pau<\/td>\n<td width=\"28%\">\n<div align=\"center\"><a href=\"http:\/\/www.pau.fr\/\" target=\"_blank\"><img data-recalc-dims=\"1\" loading=\"lazy\" decoding=\"async\" src=\"https:\/\/i0.wp.com\/escrimepaloise.com\/logo\/logo_villedepau.jpg?resize=100%2C60\" alt=\"\" width=\"100\" height=\"60\" border=\"0\" \/><\/a><\/div>\n<\/td>\n<\/tr>\n<tr>\n<td bgcolor=\"#99FF99\" width=\"72%\">Centre d\u00e9partemental Nelson Paillou<\/td>\n<td width=\"28%\">\n<div align=\"center\"><a href=\"http:\/\/www.reseau-sport64.fr\/\" target=\"_blank\"><img data-recalc-dims=\"1\" loading=\"lazy\" decoding=\"async\" src=\"https:\/\/i0.wp.com\/escrimepaloise.com\/logo\/logo_reseau_sport_64.jpg?resize=70%2C60\" alt=\"\" width=\"70\" height=\"60\" border=\"0\" \/><\/a><\/div>\n<\/td>\n<\/tr>\n<tr>\n<td bgcolor=\"#99FF99\" width=\"72%\">Section Paloise Rugby<\/td>\n<td width=\"28%\">\n<div align=\"center\"><a href=\"http:\/\/www.section-paloise.com\/\" target=\"_blank\"><img data-recalc-dims=\"1\" loading=\"lazy\" decoding=\"async\" src=\"https:\/\/i0.wp.com\/escrimepaloise.com\/logo\/logo_sectionpaloise-rugby.gif?resize=50%2C60\" alt=\"\" width=\"50\" height=\"60\" border=\"0\" \/><\/a><\/div>\n<\/td>\n<\/tr>\n<tr>\n<td bgcolor=\"#99FF99\" width=\"72%\">Amicale des anciens de la Section Paloise Rugby<\/td>\n<td width=\"28%\">\n<div align=\"center\"><a href=\"http:\/\/anciensdelasection.com\/\" target=\"_blank\"><img data-recalc-dims=\"1\" loading=\"lazy\" decoding=\"async\" src=\"https:\/\/i0.wp.com\/escrimepaloise.com\/logo\/amicale_anciens.jpg?resize=94%2C60\" alt=\"\" width=\"94\" height=\"60\" border=\"0\" \/><\/a><\/div>\n<\/td>\n<\/tr>\n<\/tbody>\n<\/table>\n","protected":false},"excerpt":{"rendered":"<p>F\u00e9d\u00e9ration Internationale d&rsquo;Escrime Conf\u00e9d\u00e9ration Europ\u00e9enne d&rsquo;Escrime F\u00e9d\u00e9ration Fran\u00e7aise d&rsquo;Escrime Handisport Escrime Ligue d&rsquo;Escrime d&rsquo;Aquitaine Escrime Info Club des supporters des Equipes de France Dictionnaire des termes d&rsquo;escrime Animation explicative sur l&rsquo;escrime Logiciel Engarde Feuilles et r\u00e8glement \u00e0 t\u00e9l\u00e9charger Emissions \u00ab\u00a0Engarde!\u00a0\u00bb de Sport + Ville de Pau Centre d\u00e9partemental Nelson Paillou Section Paloise Rugby Amicale des [&hellip;]<\/p>\n","protected":false},"author":2,"featured_media":0,"parent":0,"menu_order":0,"comment_status":"closed","ping_status":"closed","template":"100-width.php","meta":{"jetpack_post_was_ever_published":false,"footnotes":""},"class_list":["post-11823","page","type-page","status-publish","hentry"],"jetpack_sharing_enabled":true,"jetpack_shortlink":"https:\/\/wp.me\/P8aWQh-34H","jetpack-related-posts":[{"id":12136,"url":"https:\/\/www.escrimepaloise.com\/wordpress\/labels\/","url_meta":{"origin":11823,"position":0},"title":"Labels","author":"spescrime","date":"3 septembre 2016","format":false,"excerpt":"La section, un club labellis\u00e9 par la FFE ! Les labels constituent un gage de qualit\u00e9 quant \u00e0 l\u2019accueil, l\u2019enseignement, les r\u00e9sultats et le d\u00e9veloppement. Ils sont remis par la F\u00e9d\u00e9ration Fran\u00e7aise d\u2019Escrime. La section a obtenu \u00a0les labels suivants\u00a0: \u2022 Label Ecole d\u2019Escrime\u00a0pour la qualit\u00e9 de notre encadrement et\u2026","rel":"","context":"Article similaire","block_context":{"text":"Article similaire","link":""},"img":{"alt_text":"labels","src":"https:\/\/i0.wp.com\/www.escrimepaloise.com\/wordpress\/wp-content\/uploads\/2016\/09\/labels-281x300.jpg?resize=350%2C200","width":350,"height":200},"classes":[]},{"id":11858,"url":"https:\/\/www.escrimepaloise.com\/wordpress\/informations\/inscription\/","url_meta":{"origin":11823,"position":1},"title":"Inscription","author":"spescrime","date":"7 juillet 2016","format":false,"excerpt":"","rel":"","context":"Article similaire","block_context":{"text":"Article similaire","link":""},"img":{"alt_text":"","src":"https:\/\/i0.wp.com\/www.escrimepaloise.com\/wordpress\/wp-content\/uploads\/2023\/09\/Capture-decran-2023-09-05-a-21.06.07-300x130.png?resize=350%2C200&ssl=1","width":350,"height":200},"classes":[]},{"id":11855,"url":"https:\/\/www.escrimepaloise.com\/wordpress\/historique\/","url_meta":{"origin":11823,"position":2},"title":"Historique","author":"spescrime","date":"7 juillet 2016","format":false,"excerpt":"","rel":"","context":"Article similaire","block_context":{"text":"Article similaire","link":""},"img":{"alt_text":"l-escrime-fleuron-de-pau","src":"https:\/\/i0.wp.com\/www.escrimepaloise.com\/wordpress\/wp-content\/uploads\/2016\/09\/l-escrime-fleuron-de-pau.jpg?resize=350%2C200","width":350,"height":200,"srcset":"https:\/\/i0.wp.com\/www.escrimepaloise.com\/wordpress\/wp-content\/uploads\/2016\/09\/l-escrime-fleuron-de-pau.jpg?resize=350%2C200 1x, https:\/\/i0.wp.com\/www.escrimepaloise.com\/wordpress\/wp-content\/uploads\/2016\/09\/l-escrime-fleuron-de-pau.jpg?resize=525%2C300 1.5x, https:\/\/i0.wp.com\/www.escrimepaloise.com\/wordpress\/wp-content\/uploads\/2016\/09\/l-escrime-fleuron-de-pau.jpg?resize=700%2C400 2x"},"classes":[]},{"id":11901,"url":"https:\/\/www.escrimepaloise.com\/wordpress\/qui-sommes-nous\/","url_meta":{"origin":11823,"position":3},"title":"Qui sommes nous ?","author":"spescrime","date":"7 juillet 2016","format":false,"excerpt":"Un club formateur avec des valeurs Une pratique pour tous Enfants, jeunes, adultes, retrait\u00e9s\u00a0 Eveil, loisir, comp\u00e9tition et haut niveau\u00a0 Valides et handicap\u00e9s\u00a0 Adapt\u00e9e au budget Apprentissage des valeurs de l\u2019escrime Respect de sa sant\u00e9\u00a0 Citoyennet\u00e9 et respect d\u2019autrui\u00a0 Loyaut\u00e9 et courtoisie\u00a0 Ma\u00eetrise de soi Un club actif 2000 enfants\u2026","rel":"","context":"Article similaire","block_context":{"text":"Article similaire","link":""},"img":{"alt_text":"handi","src":"https:\/\/i0.wp.com\/www.escrimepaloise.com\/wordpress\/wp-content\/uploads\/2016\/08\/handi-1024x768.jpg?resize=350%2C200","width":350,"height":200},"classes":[]},{"id":11952,"url":"https:\/\/www.escrimepaloise.com\/wordpress\/palmares\/","url_meta":{"origin":11823,"position":4},"title":"Palmar\u00e8s","author":"spescrime","date":"8 juillet 2016","format":false,"excerpt":"","rel":"","context":"Article similaire","block_context":{"text":"Article similaire","link":""},"img":{"alt_text":"Logo1","src":"https:\/\/i0.wp.com\/www.escrimepaloise.com\/wordpress\/wp-content\/uploads\/2016\/08\/Logo1-300x273.png?resize=350%2C200","width":350,"height":200},"classes":[]},{"id":26446,"url":"https:\/\/www.escrimepaloise.com\/wordpress\/engagements\/","url_meta":{"origin":11823,"position":5},"title":"National Engagements","author":"spescrime","date":"5 mai 2025","format":false,"excerpt":"Les inscriptions sont effectu\u00e9es par les Ligues R\u00e9gionales via l\u2019extranet de la f\u00e9d\u00e9ration. La validation et le paiement des inscriptions est \u00e0 effectuer en ligne sur l\u2019extranet par les clubs (ou tireurs). \u00a0Par \u00e9quipe, le premier tireur ou club qui valide paye l'ensemble des frais\u00a0d'inscription. Le paiement des inscriptions doit\u2026","rel":"","context":"Article similaire","block_context":{"text":"Article similaire","link":""},"img":{"alt_text":"","src":"","width":0,"height":0},"classes":[]}],"_links":{"self":[{"href":"https:\/\/www.escrimepaloise.com\/wordpress\/wp-json\/wp\/v2\/pages\/11823","targetHints":{"allow":["GET"]}}],"collection":[{"href":"https:\/\/www.escrimepaloise.com\/wordpress\/wp-json\/wp\/v2\/pages"}],"about":[{"href":"https:\/\/www.escrimepaloise.com\/wordpress\/wp-json\/wp\/v2\/types\/page"}],"author":[{"embeddable":true,"href":"https:\/\/www.escrimepaloise.com\/wordpress\/wp-json\/wp\/v2\/users\/2"}],"replies":[{"embeddable":true,"href":"https:\/\/www.escrimepaloise.com\/wordpress\/wp-json\/wp\/v2\/comments?post=11823"}],"version-history":[{"count":6,"href":"https:\/\/www.escrimepaloise.com\/wordpress\/wp-json\/wp\/v2\/pages\/11823\/revisions"}],"predecessor-version":[{"id":12022,"href":"https:\/\/www.escrimepaloise.com\/wordpress\/wp-json\/wp\/v2\/pages\/11823\/revisions\/12022"}],"wp:attachment":[{"href":"https:\/\/www.escrimepaloise.com\/wordpress\/wp-json\/wp\/v2\/media?parent=11823"}],"curies":[{"name":"wp","href":"https:\/\/api.w.org\/{rel}","templated":true}]}}