{"id":11849,"date":"2016-03-30T20:01:26","date_gmt":"2016-03-30T19:01:26","guid":{"rendered":"http:\/\/www.escrimepaloise.com\/wordpress\/?page_id=11849"},"modified":"2024-09-16T14:50:34","modified_gmt":"2024-09-16T12:50:34","slug":"calendrier","status":"publish","type":"page","link":"https:\/\/www.escrimepaloise.com\/wordpress\/calendrier\/","title":{"rendered":"Calendrier FFE"},"content":{"rendered":"<p>Pour information le calendrier en ligne a \u00e9t\u00e9 mis \u00e0 jour avec toutes les \u00e9preuves nationales et r\u00e9gionales aux trois armes.<\/p>\n<p><span id=\"OBJ_PREFIX_DWT260_com_zimbra_url\" class=\"Object\"><a href=\"http:\/\/resultats.escrime-nouvelle-aquitaine.fr\/\" target=\"_blank\" rel=\"noopener noreferrer\">http:\/\/resultats.escrime-nouvelle-aquitaine.fr\/<\/a><\/span><\/p>\n<p>Quand vous arrivez sur la page : Vous cliquez sur une cat\u00e9gorie et vous pouvez obtenir : les classements, le calendrier pour une cat\u00e9gorie ou le calendrier global (pour toutes les cat\u00e9gories), le tout en PDF ou Excel. C&rsquo;est \u00e9galement sur cette page que vous trouvez les classements.<\/p>\n<p>Pour le sabre laser et l&rsquo;escrime artistique, le calendrier sera mis \u00e0 jour d\u00e8s que l&rsquo;on aura les dates et lieux des comp\u00e9titions qui seront arr\u00eat\u00e9es d\u00e9finitivement.<\/p>\n","protected":false},"excerpt":{"rendered":"<p>Pour information le calendrier en ligne a \u00e9t\u00e9 mis \u00e0 jour avec toutes les \u00e9preuves nationales et r\u00e9gionales aux trois armes. http:\/\/resultats.escrime-nouvelle-aquitaine.fr\/ Quand vous arrivez sur la page : Vous cliquez sur une cat\u00e9gorie et vous pouvez obtenir : les classements, le calendrier pour une cat\u00e9gorie ou le calendrier global (pour toutes les cat\u00e9gories), le [&hellip;]<\/p>\n","protected":false},"author":1,"featured_media":0,"parent":0,"menu_order":0,"comment_status":"closed","ping_status":"closed","template":"","meta":{"jetpack_post_was_ever_published":false,"footnotes":""},"class_list":["post-11849","page","type-page","status-publish","hentry"],"jetpack_sharing_enabled":true,"jetpack_shortlink":"https:\/\/wp.me\/P8aWQh-357","jetpack-related-posts":[{"id":11858,"url":"https:\/\/www.escrimepaloise.com\/wordpress\/informations\/inscription\/","url_meta":{"origin":11849,"position":0},"title":"Inscription","author":"spescrime","date":"7 juillet 2016","format":false,"excerpt":"","rel":"","context":"Article similaire","block_context":{"text":"Article similaire","link":""},"img":{"alt_text":"","src":"https:\/\/i0.wp.com\/www.escrimepaloise.com\/wordpress\/wp-content\/uploads\/2023\/09\/Capture-decran-2023-09-05-a-21.06.07-300x130.png?resize=350%2C200&ssl=1","width":350,"height":200},"classes":[]},{"id":25420,"url":"https:\/\/www.escrimepaloise.com\/wordpress\/25420-2\/","url_meta":{"origin":11849,"position":1},"title":"F\u00eate du club","author":"spescrime","date":"7 juin 2023","format":false,"excerpt":"Chers parents, chers licenci\u00e9s, Notre traditionnelle f\u00eate de fin d'ann\u00e9e aura lieu 27\/06 \u00e0 19h00 au restaurant l'Aygo. L'occasion\u00a0pour tous de nous rassembler, vous pr\u00e9senter les r\u00e9sultats sportifs de cette saison et de partager un moment convivial. Cette ann\u00e9e nous changeons de formule et vous proposons une d\u00e9licieuse galette bretonne\u2026","rel":"","context":"Article similaire","block_context":{"text":"Article similaire","link":""},"img":{"alt_text":"","src":"https:\/\/i0.wp.com\/www.escrimepaloise.com\/wordpress\/wp-content\/uploads\/2024\/05\/image-293x300.png?resize=350%2C200&ssl=1","width":350,"height":200},"classes":[]},{"id":11855,"url":"https:\/\/www.escrimepaloise.com\/wordpress\/historique\/","url_meta":{"origin":11849,"position":2},"title":"Historique","author":"spescrime","date":"7 juillet 2016","format":false,"excerpt":"","rel":"","context":"Article similaire","block_context":{"text":"Article similaire","link":""},"img":{"alt_text":"l-escrime-fleuron-de-pau","src":"https:\/\/i0.wp.com\/www.escrimepaloise.com\/wordpress\/wp-content\/uploads\/2016\/09\/l-escrime-fleuron-de-pau.jpg?resize=350%2C200","width":350,"height":200,"srcset":"https:\/\/i0.wp.com\/www.escrimepaloise.com\/wordpress\/wp-content\/uploads\/2016\/09\/l-escrime-fleuron-de-pau.jpg?resize=350%2C200 1x, https:\/\/i0.wp.com\/www.escrimepaloise.com\/wordpress\/wp-content\/uploads\/2016\/09\/l-escrime-fleuron-de-pau.jpg?resize=525%2C300 1.5x, https:\/\/i0.wp.com\/www.escrimepaloise.com\/wordpress\/wp-content\/uploads\/2016\/09\/l-escrime-fleuron-de-pau.jpg?resize=700%2C400 2x"},"classes":[]},{"id":26448,"url":"https:\/\/www.escrimepaloise.com\/wordpress\/navettes\/","url_meta":{"origin":11849,"position":3},"title":"National Navettes","author":"spescrime","date":"5 mai 2025","format":false,"excerpt":"Des navettes fonctionnent entre l\u2019a\u00e9roport de Pau,\u00a0 la gare de Pau, et les h\u00f4tels attenants au lieu de comp\u00e9tition( voir partie H\u00f4tels). Merci de pr\u00e9ciser l\u2019heure et le jour d\u2019arriv\u00e9e et du d\u00e9part avec le nombre de personnes \u00e0 v\u00e9hiculer escrimesectionpaloise@gmail.com . Participation de 2\u20ac par personne et par trajet.\u2026","rel":"","context":"Article similaire","block_context":{"text":"Article similaire","link":""},"img":{"alt_text":"","src":"","width":0,"height":0},"classes":[]},{"id":11901,"url":"https:\/\/www.escrimepaloise.com\/wordpress\/qui-sommes-nous\/","url_meta":{"origin":11849,"position":4},"title":"Qui sommes nous ?","author":"spescrime","date":"7 juillet 2016","format":false,"excerpt":"Un club formateur avec des valeurs Une pratique pour tous Enfants, jeunes, adultes, retrait\u00e9s\u00a0 Eveil, loisir, comp\u00e9tition et haut niveau\u00a0 Valides et handicap\u00e9s\u00a0 Adapt\u00e9e au budget Apprentissage des valeurs de l\u2019escrime Respect de sa sant\u00e9\u00a0 Citoyennet\u00e9 et respect d\u2019autrui\u00a0 Loyaut\u00e9 et courtoisie\u00a0 Ma\u00eetrise de soi Un club actif 2000 enfants\u2026","rel":"","context":"Article similaire","block_context":{"text":"Article similaire","link":""},"img":{"alt_text":"handi","src":"https:\/\/i0.wp.com\/www.escrimepaloise.com\/wordpress\/wp-content\/uploads\/2016\/08\/handi-1024x768.jpg?resize=350%2C200","width":350,"height":200},"classes":[]},{"id":26446,"url":"https:\/\/www.escrimepaloise.com\/wordpress\/engagements\/","url_meta":{"origin":11849,"position":5},"title":"National Engagements","author":"spescrime","date":"5 mai 2025","format":false,"excerpt":"Les inscriptions sont effectu\u00e9es par les Ligues R\u00e9gionales via l\u2019extranet de la f\u00e9d\u00e9ration. La validation et le paiement des inscriptions est \u00e0 effectuer en ligne sur l\u2019extranet par les clubs (ou tireurs). \u00a0Par \u00e9quipe, le premier tireur ou club qui valide paye l'ensemble des frais\u00a0d'inscription. Le paiement des inscriptions doit\u2026","rel":"","context":"Article similaire","block_context":{"text":"Article similaire","link":""},"img":{"alt_text":"","src":"","width":0,"height":0},"classes":[]}],"_links":{"self":[{"href":"https:\/\/www.escrimepaloise.com\/wordpress\/wp-json\/wp\/v2\/pages\/11849","targetHints":{"allow":["GET"]}}],"collection":[{"href":"https:\/\/www.escrimepaloise.com\/wordpress\/wp-json\/wp\/v2\/pages"}],"about":[{"href":"https:\/\/www.escrimepaloise.com\/wordpress\/wp-json\/wp\/v2\/types\/page"}],"author":[{"embeddable":true,"href":"https:\/\/www.escrimepaloise.com\/wordpress\/wp-json\/wp\/v2\/users\/1"}],"replies":[{"embeddable":true,"href":"https:\/\/www.escrimepaloise.com\/wordpress\/wp-json\/wp\/v2\/comments?post=11849"}],"version-history":[{"count":14,"href":"https:\/\/www.escrimepaloise.com\/wordpress\/wp-json\/wp\/v2\/pages\/11849\/revisions"}],"predecessor-version":[{"id":26014,"href":"https:\/\/www.escrimepaloise.com\/wordpress\/wp-json\/wp\/v2\/pages\/11849\/revisions\/26014"}],"wp:attachment":[{"href":"https:\/\/www.escrimepaloise.com\/wordpress\/wp-json\/wp\/v2\/media?parent=11849"}],"curies":[{"name":"wp","href":"https:\/\/api.w.org\/{rel}","templated":true}]}}