{"id":11855,"date":"2016-07-07T10:48:02","date_gmt":"2016-07-07T09:48:02","guid":{"rendered":"http:\/\/www.escrimepaloise.com\/wordpress\/?page_id=11855"},"modified":"2016-12-17T11:33:18","modified_gmt":"2016-12-17T10:33:18","slug":"historique","status":"publish","type":"page","link":"https:\/\/www.escrimepaloise.com\/wordpress\/historique\/","title":{"rendered":"Historique"},"content":{"rendered":"<div  class=\"fusion-fullwidth fullwidth-box nonhundred-percent-fullwidth\"  style='background-color: #ffffff;background-position: left top;background-repeat: no-repeat;padding-top:20px;padding-right:0px;padding-bottom:20px;padding-left:0px;border-top-width:0px;border-bottom-width:0px;border-color:#eae9e9;border-top-style:;border-bottom-style:;'><div class=\"fusion-builder-row fusion-row \"><div  class=\"fusion-layout-column fusion_builder_column fusion_builder_column_1_1  fusion-one-full fusion-column-first fusion-column-last fusion-column-no-min-height 1_1\"  style='margin-top:0px;margin-bottom:0px;'>\n\t\t\t<div class=\"fusion-column-wrapper\" style=\"background-position:left top;background-repeat:no-repeat;-webkit-background-size:cover;-moz-background-size:cover;-o-background-size:cover;background-size:cover;\"  data-bg-url=\"\">\n\t\t\t\t<p id=\"steph\" class=\"bonjour\">C&rsquo;est le 28 novembre 1896 que fut cr\u00e9\u00e9e \u00e0 Pau la premi\u00e8re soci\u00e9t\u00e9 sportive d&rsquo;escrime. Le si\u00e8ge social, situ\u00e9 Bd. du Midi, au Pavillon Gassion, abritait les membres fondateurs: le Baron d&rsquo;Ariste, le Comte de Montebello, Alfred de Lassence, Gauche du Tailly, Ho\u00f4 Paris et Bonne Fromont.<\/p>\n<p id=\"steph\" class=\"bonjour\">S&rsquo;ensuivirent dans la premi\u00e8re moiti\u00e9 du si\u00e8cle les salles d&rsquo;armes de Bourbaki et du Cercle Militaire d&rsquo;Escrime, caserne Bernadotte. C&rsquo;est \u00e0 la t\u00eate de ce dernier club qu&rsquo;officia de 1950 \u00e0 1959 le Pr\u00e9sident Fondateur de la Section Paloise Escrime, Pierre COICAUD qui, vu les difficult\u00e9s d&rsquo;acc\u00e8s au domaine militaire lors des \u00e9v\u00e9nements d&rsquo;Indochine, pr\u00e9senta en 1959 son admission au Grand Club Palois.<\/p>\n<p id=\"steph\" class=\"bonjour\">La Section Paloise Escrime assume depuis 1959 une continuit\u00e9 brillante de cette discipline Olympique avec \u00e0 son actif, 3 m\u00e9dailles mondiales, plusieurs places de finalistes en coupe du monde\u00a0 et 26 titres de Champions de France. Sont enseign\u00e9s les six disciplines: l&rsquo;\u00e9p\u00e9e, le fleuret et le sabre pour les hommes et pour les femmes sous la houlette des Ma\u00eetres d&rsquo;armes internationaux Alain COICAUD, triple m\u00e9daill\u00e9 mondial et Laurent VICENTY, champion du monde 1998 des Ma\u00eetres d&rsquo;armes au fleuret.<\/p>\n<p class=\"bonjour\"><a href=\"https:\/\/i0.wp.com\/www.escrimepaloise.com\/wordpress\/wp-content\/uploads\/2016\/09\/l-escrime-fleuron-de-pau.jpg?ssl=1\"><img data-recalc-dims=\"1\" loading=\"lazy\" decoding=\"async\" data-attachment-id=\"12145\" data-permalink=\"https:\/\/www.escrimepaloise.com\/wordpress\/historique\/l-escrime-fleuron-de-pau\/\" data-orig-file=\"https:\/\/i0.wp.com\/www.escrimepaloise.com\/wordpress\/wp-content\/uploads\/2016\/09\/l-escrime-fleuron-de-pau.jpg?fit=800%2C500&amp;ssl=1\" data-orig-size=\"800,500\" data-comments-opened=\"0\" data-image-meta=\"{&quot;aperture&quot;:&quot;0&quot;,&quot;credit&quot;:&quot;&quot;,&quot;camera&quot;:&quot;&quot;,&quot;caption&quot;:&quot;&quot;,&quot;created_timestamp&quot;:&quot;0&quot;,&quot;copyright&quot;:&quot;&quot;,&quot;focal_length&quot;:&quot;0&quot;,&quot;iso&quot;:&quot;0&quot;,&quot;shutter_speed&quot;:&quot;0&quot;,&quot;title&quot;:&quot;&quot;,&quot;orientation&quot;:&quot;0&quot;}\" data-image-title=\"l-escrime-fleuron-de-pau\" data-image-description=\"\" data-image-caption=\"\" data-medium-file=\"https:\/\/i0.wp.com\/www.escrimepaloise.com\/wordpress\/wp-content\/uploads\/2016\/09\/l-escrime-fleuron-de-pau.jpg?fit=300%2C188&amp;ssl=1\" data-large-file=\"https:\/\/i0.wp.com\/www.escrimepaloise.com\/wordpress\/wp-content\/uploads\/2016\/09\/l-escrime-fleuron-de-pau.jpg?fit=800%2C500&amp;ssl=1\" class=\"aligncenter wp-image-12145 size-full\" src=\"https:\/\/i0.wp.com\/www.escrimepaloise.com\/wordpress\/wp-content\/uploads\/2016\/09\/l-escrime-fleuron-de-pau.jpg?resize=800%2C500&#038;ssl=1\" alt=\"l-escrime-fleuron-de-pau\" width=\"800\" height=\"500\" srcset=\"https:\/\/i0.wp.com\/www.escrimepaloise.com\/wordpress\/wp-content\/uploads\/2016\/09\/l-escrime-fleuron-de-pau.jpg?resize=200%2C125&amp;ssl=1 200w, https:\/\/i0.wp.com\/www.escrimepaloise.com\/wordpress\/wp-content\/uploads\/2016\/09\/l-escrime-fleuron-de-pau.jpg?resize=300%2C188&amp;ssl=1 300w, https:\/\/i0.wp.com\/www.escrimepaloise.com\/wordpress\/wp-content\/uploads\/2016\/09\/l-escrime-fleuron-de-pau.jpg?resize=400%2C250&amp;ssl=1 400w, https:\/\/i0.wp.com\/www.escrimepaloise.com\/wordpress\/wp-content\/uploads\/2016\/09\/l-escrime-fleuron-de-pau.jpg?resize=600%2C375&amp;ssl=1 600w, https:\/\/i0.wp.com\/www.escrimepaloise.com\/wordpress\/wp-content\/uploads\/2016\/09\/l-escrime-fleuron-de-pau.jpg?resize=768%2C480&amp;ssl=1 768w, https:\/\/i0.wp.com\/www.escrimepaloise.com\/wordpress\/wp-content\/uploads\/2016\/09\/l-escrime-fleuron-de-pau.jpg?w=800&amp;ssl=1 800w\" sizes=\"auto, (max-width: 800px) 100vw, 800px\" \/><\/a><\/p>\n<div class=\"fusion-clearfix\"><\/div>\n\n\t\t\t<\/div>\n\t\t<\/div><\/div><\/div>\n","protected":false},"excerpt":{"rendered":"","protected":false},"author":1,"featured_media":0,"parent":0,"menu_order":0,"comment_status":"closed","ping_status":"closed","template":"","meta":{"jetpack_post_was_ever_published":false,"footnotes":""},"class_list":["post-11855","page","type-page","status-publish","hentry"],"jetpack_sharing_enabled":true,"jetpack_shortlink":"https:\/\/wp.me\/P8aWQh-35d","jetpack-related-posts":[{"id":11941,"url":"https:\/\/www.escrimepaloise.com\/wordpress\/galerie-photos\/","url_meta":{"origin":11855,"position":0},"title":"Galerie photos","author":"spescrime","date":"8 juillet 2016","format":false,"excerpt":"","rel":"","context":"Article similaire","block_context":{"text":"Article similaire","link":""},"img":{"alt_text":"","src":"","width":0,"height":0},"classes":[]},{"id":11916,"url":"https:\/\/www.escrimepaloise.com\/wordpress\/contact\/","url_meta":{"origin":11855,"position":1},"title":"Contact","author":"spescrime","date":"7 juillet 2016","format":false,"excerpt":"","rel":"","context":"Article similaire","block_context":{"text":"Article similaire","link":""},"img":{"alt_text":"","src":"","width":0,"height":0},"classes":[]}],"_links":{"self":[{"href":"https:\/\/www.escrimepaloise.com\/wordpress\/wp-json\/wp\/v2\/pages\/11855","targetHints":{"allow":["GET"]}}],"collection":[{"href":"https:\/\/www.escrimepaloise.com\/wordpress\/wp-json\/wp\/v2\/pages"}],"about":[{"href":"https:\/\/www.escrimepaloise.com\/wordpress\/wp-json\/wp\/v2\/types\/page"}],"author":[{"embeddable":true,"href":"https:\/\/www.escrimepaloise.com\/wordpress\/wp-json\/wp\/v2\/users\/1"}],"replies":[{"embeddable":true,"href":"https:\/\/www.escrimepaloise.com\/wordpress\/wp-json\/wp\/v2\/comments?post=11855"}],"version-history":[{"count":7,"href":"https:\/\/www.escrimepaloise.com\/wordpress\/wp-json\/wp\/v2\/pages\/11855\/revisions"}],"predecessor-version":[{"id":12416,"href":"https:\/\/www.escrimepaloise.com\/wordpress\/wp-json\/wp\/v2\/pages\/11855\/revisions\/12416"}],"wp:attachment":[{"href":"https:\/\/www.escrimepaloise.com\/wordpress\/wp-json\/wp\/v2\/media?parent=11855"}],"curies":[{"name":"wp","href":"https:\/\/api.w.org\/{rel}","templated":true}]}}