{"id":11858,"date":"2016-07-07T10:56:25","date_gmt":"2016-07-07T09:56:25","guid":{"rendered":"http:\/\/www.escrimepaloise.com\/wordpress\/?page_id=11858"},"modified":"2025-09-29T09:54:53","modified_gmt":"2025-09-29T07:54:53","slug":"inscription","status":"publish","type":"page","link":"https:\/\/www.escrimepaloise.com\/wordpress\/informations\/inscription\/","title":{"rendered":"Inscription"},"content":{"rendered":"<div  class=\"fusion-fullwidth fullwidth-box nonhundred-percent-fullwidth\"  style='background-color: #ffffff;background-position: left top;background-repeat: no-repeat;padding-top:20px;padding-right:0px;padding-bottom:20px;padding-left:0px;border-top-width:0px;border-bottom-width:0px;border-color:#eae9e9;border-top-style:solid;border-bottom-style:solid;'><div class=\"fusion-builder-row fusion-row \"><div  class=\"fusion-layout-column fusion_builder_column fusion_builder_column_1_1  fusion-one-full fusion-column-first fusion-column-last fusion-column-no-min-height 1_1\"  style='margin-top:0px;margin-bottom:0px;'>\n\t\t\t<div class=\"fusion-column-wrapper\" style=\"background-position:left top;background-repeat:no-repeat;-webkit-background-size:cover;-moz-background-size:cover;-o-background-size:cover;background-size:cover;\"  data-bg-url=\"\">\n\t\t\t\t<h1 style=\"text-align: center;\">Envie de faire de l&rsquo;escrime ? Rejoignez-nous !<\/h1>\n<div class=\"feature-list\">\n<div class=\"row\" data-wp-editing=\"1\">\n<p>&nbsp;<\/p>\n<\/div>\n<\/div>\n<div>\n<table style=\"width: 97.4695%; height: 718px;\" border=\"0\" width=\"390\" cellspacing=\"0\" cellpadding=\"0\">\n<tbody>\n<tr style=\"height: 206px;\">\n<td class=\"gmail-xl65\" style=\"width: 182.8649%; border-style: solid; border-color: #000000; height: 206px;\" colspan=\"3\" width=\"390\" height=\"19\">\n<h1 style=\"text-align: center;\"><span style=\"color: #008000;\">Tarifs saison 2025-2026<\/span><a href=\"https:\/\/www.helloasso.com\/associations\/section-paloise-escrime\/adhesions\/inscription-section-paloise-escrime-2025-2026\"><img data-recalc-dims=\"1\" loading=\"lazy\" decoding=\"async\" data-attachment-id=\"25527\" data-permalink=\"https:\/\/www.escrimepaloise.com\/wordpress\/informations\/inscription\/capture-decran-2023-09-05-a-21-06-07\/\" data-orig-file=\"https:\/\/i0.wp.com\/www.escrimepaloise.com\/wordpress\/wp-content\/uploads\/2023\/09\/Capture-decran-2023-09-05-a-21.06.07.png?fit=338%2C146&amp;ssl=1\" data-orig-size=\"338,146\" data-comments-opened=\"0\" data-image-meta=\"{&quot;aperture&quot;:&quot;0&quot;,&quot;credit&quot;:&quot;&quot;,&quot;camera&quot;:&quot;&quot;,&quot;caption&quot;:&quot;&quot;,&quot;created_timestamp&quot;:&quot;0&quot;,&quot;copyright&quot;:&quot;&quot;,&quot;focal_length&quot;:&quot;0&quot;,&quot;iso&quot;:&quot;0&quot;,&quot;shutter_speed&quot;:&quot;0&quot;,&quot;title&quot;:&quot;&quot;,&quot;orientation&quot;:&quot;0&quot;}\" data-image-title=\"Capture d\u2019\u00e9cran 2023-09-05 \u00e0 21.06.07\" data-image-description=\"\" data-image-caption=\"\" data-medium-file=\"https:\/\/i0.wp.com\/www.escrimepaloise.com\/wordpress\/wp-content\/uploads\/2023\/09\/Capture-decran-2023-09-05-a-21.06.07.png?fit=300%2C130&amp;ssl=1\" data-large-file=\"https:\/\/i0.wp.com\/www.escrimepaloise.com\/wordpress\/wp-content\/uploads\/2023\/09\/Capture-decran-2023-09-05-a-21.06.07.png?fit=338%2C146&amp;ssl=1\" class=\"aligncenter wp-image-25527\" src=\"https:\/\/i0.wp.com\/www.escrimepaloise.com\/wordpress\/wp-content\/uploads\/2023\/09\/Capture-decran-2023-09-05-a-21.06.07.png?resize=155%2C67&#038;ssl=1\" alt=\"\" width=\"155\" height=\"67\" srcset=\"https:\/\/i0.wp.com\/www.escrimepaloise.com\/wordpress\/wp-content\/uploads\/2023\/09\/Capture-decran-2023-09-05-a-21.06.07.png?resize=200%2C86&amp;ssl=1 200w, https:\/\/i0.wp.com\/www.escrimepaloise.com\/wordpress\/wp-content\/uploads\/2023\/09\/Capture-decran-2023-09-05-a-21.06.07.png?resize=300%2C130&amp;ssl=1 300w, https:\/\/i0.wp.com\/www.escrimepaloise.com\/wordpress\/wp-content\/uploads\/2023\/09\/Capture-decran-2023-09-05-a-21.06.07.png?w=338&amp;ssl=1 338w\" sizes=\"auto, (max-width: 155px) 100vw, 155px\" \/><\/a><\/h1>\n<\/td>\n<\/tr>\n<tr style=\"height: 38px;\">\n<td class=\"gmail-xl73\" style=\"width: 57.7608%; border-style: solid; border-color: #000000; height: 38px;\" width=\"230\" height=\"38\"><\/td>\n<td class=\"gmail-xl71\" style=\"width: 20.8651%; border-style: solid; border-color: #000000; text-align: center; height: 38px;\" width=\"80\">Paiement 1 fois<\/td>\n<td class=\"gmail-xl74\" style=\"width: 104.239%; border-style: solid; border-color: #000000; text-align: center; height: 38px;\" width=\"80\">Paiement 3 fois<\/td>\n<\/tr>\n<tr style=\"height: 24px;\">\n<td class=\"gmail-xl73\" style=\"width: 57.7608%; border-style: solid; border-color: #000000; height: 24px;\" width=\"230\" height=\"19\">Baby escrime<\/td>\n<td class=\"gmail-xl72\" style=\"width: 20.8651%; border-style: solid; border-color: #000000; text-align: center; height: 24px;\" width=\"80\">160 \u20ac<\/td>\n<td class=\"gmail-xl74\" style=\"width: 104.239%; border-style: solid; border-color: #000000; text-align: center; height: 24px;\" width=\"80\">soit 53,34\u20ac<\/td>\n<\/tr>\n<tr style=\"height: 24px;\">\n<td class=\"gmail-xl73\" style=\"width: 57.7608%; border-style: solid; border-color: #000000; height: 24px;\" width=\"230\" height=\"19\">M7-M15<\/td>\n<td class=\"gmail-xl72\" style=\"width: 20.8651%; border-style: solid; border-color: #000000; text-align: center; height: 24px;\" width=\"80\">260 \u20ac<\/td>\n<td class=\"gmail-xl74\" style=\"width: 104.239%; border-style: solid; border-color: #000000; text-align: center; height: 24px;\" width=\"80\">soit 86,67\u20ac<\/td>\n<\/tr>\n<tr style=\"height: 24px;\">\n<td class=\"gmail-xl73\" style=\"width: 57.7608%; border-style: solid; border-color: #000000; height: 24px;\" width=\"230\" height=\"19\">M17-v\u00e9t\u00e9ran<\/td>\n<td class=\"gmail-xl72\" style=\"width: 20.8651%; border-style: solid; border-color: #000000; text-align: center; height: 24px;\" width=\"80\">320 \u20ac<\/td>\n<td class=\"gmail-xl74\" style=\"width: 104.239%; border-style: solid; border-color: #000000; text-align: center; height: 24px;\" width=\"80\">soit 106,67\u20ac<\/td>\n<\/tr>\n<tr style=\"height: 48px;\">\n<td class=\"gmail-xl73\" style=\"width: 57.7608%; border-style: solid; border-color: #000000; height: 48px;\" width=\"230\" height=\"38\">Etudiants, sport adapt\u00e9, handisport<br \/>\n<span class=\"gmail-font5\">sur pr\u00e9sentation d&rsquo;un justificatif<\/span><\/td>\n<td class=\"gmail-xl72\" style=\"width: 20.8651%; border-style: solid; border-color: #000000; text-align: center; height: 48px;\" width=\"80\">180 \u20ac<\/td>\n<td class=\"gmail-xl75\" style=\"width: 104.239%; border-style: solid; border-color: #000000; text-align: center; height: 48px;\" width=\"80\">soit 60\u20ac<\/td>\n<\/tr>\n<tr style=\"height: 24px;\">\n<td class=\"gmail-xl73\" style=\"width: 57.7608%; border-style: solid; border-color: #000000; height: 24px;\" width=\"230\" height=\"19\">escrime artistique<\/td>\n<td class=\"gmail-xl72\" style=\"width: 20.8651%; border-style: solid; border-color: #000000; text-align: center; height: 24px;\" width=\"80\">200 \u20ac<\/td>\n<td class=\"gmail-xl74\" style=\"width: 104.239%; border-style: solid; border-color: #000000; text-align: center; height: 24px;\" width=\"80\">soit 66,67\u20ac<\/td>\n<\/tr>\n<tr>\n<td style=\"width: 57.7608%; border-style: solid; border-color: #000000;\">Centre de formation licenci\u00e9s section paloise<\/td>\n<td style=\"width: 20.8651%; border-style: solid; border-color: #000000; text-align: center;\">320 \u20ac<\/td>\n<td style=\"width: 104.239%; border-style: solid; border-color: #000000; text-align: center;\"><span data-v-07a3baf8=\"\">106.67\u20ac <\/span><\/td>\n<\/tr>\n<tr style=\"height: 38px;\">\n<td class=\"gmail-xl73\" style=\"width: 57.7608%; border-style: solid; border-color: #000000; height: 38px;\" width=\"230\" height=\"38\">Centre de formation non licenci\u00e9s section paloise<\/td>\n<td class=\"gmail-xl72\" style=\"width: 20.8651%; border-style: solid; border-color: #000000; text-align: center; height: 38px;\" width=\"80\">500 \u20ac<\/td>\n<td class=\"gmail-xl74\" style=\"width: 104.239%; border-style: solid; border-color: #000000; text-align: center; height: 38px;\" width=\"80\">soit 166,67\u20ac<\/td>\n<\/tr>\n<tr style=\"height: 24px;\">\n<td style=\"border-style: solid; border-color: #000000; height: 24px; width: 182.8649%;\" colspan=\"3\">Si besoin d&rsquo;une facture merci de nous contacter par mail \u00a0: escrimepaloise@gmail.com.<\/td>\n<\/tr>\n<tr style=\"height: 24px;\">\n<td style=\"border-style: solid; border-color: #000000; height: 24px; width: 182.8649%;\" colspan=\"3\"><a href=\"https:\/\/www.escrimepaloise.com\/wordpress\/wp-content\/uploads\/2025\/09\/MEMENTO-Assurance-2025-2026.pdf\"><span style=\"color: #0000ff;\">M\u00e9mento assurance lecture obligatoire\u00a0<\/span><\/a><\/td>\n<\/tr>\n<tr style=\"height: 76px;\">\n<td class=\"gmail-xl68\" style=\"border-style: solid; border-color: #000000; height: 76px; width: 182.8649%;\" colspan=\"3\" width=\"390\" height=\"76\">Pour les personnes ayant le PASS&rsquo;SPORT, merci de rentrer le code \u00ab\u00a0PASSSEPORT\u00a0\u00bb dans les codes promo sur hello asso. Celui-ci ne doit pas avoir \u00e9t\u00e9 utilis\u00e9 au pr\u00e9alable dans un autre club.<\/td>\n<\/tr>\n<tr style=\"height: 120px;\">\n<td style=\"width: 182.8649%; border-style: solid; border-color: #000000; height: 120px;\" colspan=\"3\">R\u00e9duction de 50 euros \u00e0 partir du deuxi\u00e8me enfant inscrit code FAMILLE.<\/p>\n<p>En cas d&rsquo;utilisation de plusieurs codes promo, merci de nous contacter <a href=\"mailto:escrimesectionpaloise@gmail.com\">escrimesectionpaloise@gmail.com<\/a><\/td>\n<\/tr>\n<tr style=\"height: 48px;\">\n<td class=\"gmail-xl68\" style=\"border-style: solid; border-color: #000000; height: 48px;\" colspan=\"3\" width=\"390\" height=\"19\">Moyens de paiement : Pr\u00e9l\u00e8vement SEPA \/ \u00a0CB en 1 ou 3 fois<\/td>\n<\/tr>\n<tr>\n<td style=\"border-style: solid; border-color: #000000; width: 182.8649%;\" colspan=\"3\">\n<h1 style=\"text-align: center;\"><span style=\"color: #008000;\">Certificats m\u00e9dicaux<\/span><\/h1>\n<p>Vous trouverez sur le site de la f\u00e9d\u00e9ration fran\u00e7aise d&rsquo;escrime toutes les informations n\u00e9cessaires ainsi que tous les mod\u00e8les en t\u00e9l\u00e9chargement<\/p>\n<p><span id=\"OBJ_PREFIX_DWT189_com_zimbra_url\" class=\"Object\" style=\"color: #0000ff;\"><a style=\"color: #0000ff;\" href=\"https:\/\/www.ffescrime.fr\/je-suis-en-club\/certificats-medicaux-et-surclassements\/\" target=\"_blank\" rel=\"noopener\">\u00a0https:\/\/www.ffescrime.fr\/je-suis-en-club\/certificats-medicaux-et-surclassements\/<\/a><\/span><\/td>\n<\/tr>\n<\/tbody>\n<\/table>\n<\/div>\n<table style=\"height: 25px; width: 97.553517%; border-collapse: collapse; border-color: #000000; border-style: solid;\">\n<tbody>\n<tr>\n<td style=\"width: 25%; text-align: center;\"><span style=\"color: #0000ff;\"><a style=\"color: #0000ff;\" href=\"https:\/\/www.escrimepaloise.com\/wordpress\/wp-content\/uploads\/2025\/09\/TUTO.pdf\"><img data-recalc-dims=\"1\" loading=\"lazy\" decoding=\"async\" data-attachment-id=\"14020\" data-permalink=\"https:\/\/www.escrimepaloise.com\/wordpress\/informations\/inscription\/pdf\/\" data-orig-file=\"https:\/\/i0.wp.com\/www.escrimepaloise.com\/wordpress\/wp-content\/uploads\/2019\/08\/pdf.jpg?fit=32%2C32&amp;ssl=1\" data-orig-size=\"32,32\" data-comments-opened=\"0\" data-image-meta=\"{&quot;aperture&quot;:&quot;0&quot;,&quot;credit&quot;:&quot;&quot;,&quot;camera&quot;:&quot;&quot;,&quot;caption&quot;:&quot;&quot;,&quot;created_timestamp&quot;:&quot;0&quot;,&quot;copyright&quot;:&quot;&quot;,&quot;focal_length&quot;:&quot;0&quot;,&quot;iso&quot;:&quot;0&quot;,&quot;shutter_speed&quot;:&quot;0&quot;,&quot;title&quot;:&quot;&quot;,&quot;orientation&quot;:&quot;0&quot;}\" data-image-title=\"pdf\" data-image-description=\"\" data-image-caption=\"\" data-medium-file=\"https:\/\/i0.wp.com\/www.escrimepaloise.com\/wordpress\/wp-content\/uploads\/2019\/08\/pdf.jpg?fit=32%2C32&amp;ssl=1\" data-large-file=\"https:\/\/i0.wp.com\/www.escrimepaloise.com\/wordpress\/wp-content\/uploads\/2019\/08\/pdf.jpg?fit=32%2C32&amp;ssl=1\" class=\"size-full wp-image-14020 alignnone\" src=\"https:\/\/i0.wp.com\/www.escrimepaloise.com\/wordpress\/wp-content\/uploads\/2019\/08\/pdf.jpg?resize=32%2C32&#038;ssl=1\" alt=\"\" width=\"32\" height=\"32\" \/><\/a><\/span><a href=\"https:\/\/www.escrimepaloise.com\/wordpress\/wp-content\/uploads\/2025\/09\/TUTO.pdf\"><span style=\"caret-color: #0000ff; color: #0000ff;\">Tutoriel helloasso<\/span><\/a><\/td>\n<td style=\"width: 25%; text-align: center;\"><span style=\"color: #0000ff;\"><a style=\"color: #0000ff;\" href=\"https:\/\/i0.wp.com\/www.escrimepaloise.com\/wordpress\/wp-content\/uploads\/2019\/08\/pdf.jpg?ssl=1\"><img data-recalc-dims=\"1\" loading=\"lazy\" decoding=\"async\" data-attachment-id=\"14020\" data-permalink=\"https:\/\/www.escrimepaloise.com\/wordpress\/informations\/inscription\/pdf\/\" data-orig-file=\"https:\/\/i0.wp.com\/www.escrimepaloise.com\/wordpress\/wp-content\/uploads\/2019\/08\/pdf.jpg?fit=32%2C32&amp;ssl=1\" data-orig-size=\"32,32\" data-comments-opened=\"0\" data-image-meta=\"{&quot;aperture&quot;:&quot;0&quot;,&quot;credit&quot;:&quot;&quot;,&quot;camera&quot;:&quot;&quot;,&quot;caption&quot;:&quot;&quot;,&quot;created_timestamp&quot;:&quot;0&quot;,&quot;copyright&quot;:&quot;&quot;,&quot;focal_length&quot;:&quot;0&quot;,&quot;iso&quot;:&quot;0&quot;,&quot;shutter_speed&quot;:&quot;0&quot;,&quot;title&quot;:&quot;&quot;,&quot;orientation&quot;:&quot;0&quot;}\" data-image-title=\"pdf\" data-image-description=\"\" data-image-caption=\"\" data-medium-file=\"https:\/\/i0.wp.com\/www.escrimepaloise.com\/wordpress\/wp-content\/uploads\/2019\/08\/pdf.jpg?fit=32%2C32&amp;ssl=1\" data-large-file=\"https:\/\/i0.wp.com\/www.escrimepaloise.com\/wordpress\/wp-content\/uploads\/2019\/08\/pdf.jpg?fit=32%2C32&amp;ssl=1\" class=\"size-full wp-image-14020 alignnone\" src=\"https:\/\/i0.wp.com\/www.escrimepaloise.com\/wordpress\/wp-content\/uploads\/2019\/08\/pdf.jpg?resize=32%2C32&#038;ssl=1\" alt=\"\" width=\"32\" height=\"32\" \/><\/a><a style=\"color: #0000ff;\" href=\"https:\/\/www.escrimepaloise.com\/wordpress\/wp-content\/uploads\/2023\/09\/Reglement-interieur-Section-Paloise-Escrime-2023-Officiel.pdf\">R\u00e8glement int\u00e9rieur<\/a><\/span><\/td>\n<td style=\"width: 25%; text-align: center;\"><span style=\"color: #0000ff;\"><strong><a style=\"color: #0000ff;\" href=\"https:\/\/i0.wp.com\/www.escrimepaloise.com\/wordpress\/wp-content\/uploads\/2019\/08\/pdf.jpg?ssl=1\"><img data-recalc-dims=\"1\" loading=\"lazy\" decoding=\"async\" data-attachment-id=\"14020\" data-permalink=\"https:\/\/www.escrimepaloise.com\/wordpress\/informations\/inscription\/pdf\/\" data-orig-file=\"https:\/\/i0.wp.com\/www.escrimepaloise.com\/wordpress\/wp-content\/uploads\/2019\/08\/pdf.jpg?fit=32%2C32&amp;ssl=1\" data-orig-size=\"32,32\" data-comments-opened=\"0\" data-image-meta=\"{&quot;aperture&quot;:&quot;0&quot;,&quot;credit&quot;:&quot;&quot;,&quot;camera&quot;:&quot;&quot;,&quot;caption&quot;:&quot;&quot;,&quot;created_timestamp&quot;:&quot;0&quot;,&quot;copyright&quot;:&quot;&quot;,&quot;focal_length&quot;:&quot;0&quot;,&quot;iso&quot;:&quot;0&quot;,&quot;shutter_speed&quot;:&quot;0&quot;,&quot;title&quot;:&quot;&quot;,&quot;orientation&quot;:&quot;0&quot;}\" data-image-title=\"pdf\" data-image-description=\"\" data-image-caption=\"\" data-medium-file=\"https:\/\/i0.wp.com\/www.escrimepaloise.com\/wordpress\/wp-content\/uploads\/2019\/08\/pdf.jpg?fit=32%2C32&amp;ssl=1\" data-large-file=\"https:\/\/i0.wp.com\/www.escrimepaloise.com\/wordpress\/wp-content\/uploads\/2019\/08\/pdf.jpg?fit=32%2C32&amp;ssl=1\" class=\"size-full wp-image-14020 alignnone\" src=\"https:\/\/i0.wp.com\/www.escrimepaloise.com\/wordpress\/wp-content\/uploads\/2019\/08\/pdf.jpg?resize=32%2C32&#038;ssl=1\" alt=\"\" width=\"32\" height=\"32\" \/><\/a><\/strong><a style=\"color: #0000ff;\" href=\"https:\/\/www.escrimepaloise.com\/wordpress\/wp-content\/uploads\/2022\/08\/CHARTE_FFE_ETH.pdf\">Charte \u00e9thique et d\u00e9ontologie \u00a0FFE<\/a><\/span><\/td>\n<td style=\"width: 25%; text-align: center;\"><span style=\"color: #0000ff;\"><strong><a style=\"color: #0000ff;\" href=\"https:\/\/i0.wp.com\/www.escrimepaloise.com\/wordpress\/wp-content\/uploads\/2019\/08\/pdf.jpg?ssl=1\"><img data-recalc-dims=\"1\" loading=\"lazy\" decoding=\"async\" data-attachment-id=\"14020\" data-permalink=\"https:\/\/www.escrimepaloise.com\/wordpress\/informations\/inscription\/pdf\/\" data-orig-file=\"https:\/\/i0.wp.com\/www.escrimepaloise.com\/wordpress\/wp-content\/uploads\/2019\/08\/pdf.jpg?fit=32%2C32&amp;ssl=1\" data-orig-size=\"32,32\" data-comments-opened=\"0\" data-image-meta=\"{&quot;aperture&quot;:&quot;0&quot;,&quot;credit&quot;:&quot;&quot;,&quot;camera&quot;:&quot;&quot;,&quot;caption&quot;:&quot;&quot;,&quot;created_timestamp&quot;:&quot;0&quot;,&quot;copyright&quot;:&quot;&quot;,&quot;focal_length&quot;:&quot;0&quot;,&quot;iso&quot;:&quot;0&quot;,&quot;shutter_speed&quot;:&quot;0&quot;,&quot;title&quot;:&quot;&quot;,&quot;orientation&quot;:&quot;0&quot;}\" data-image-title=\"pdf\" data-image-description=\"\" data-image-caption=\"\" data-medium-file=\"https:\/\/i0.wp.com\/www.escrimepaloise.com\/wordpress\/wp-content\/uploads\/2019\/08\/pdf.jpg?fit=32%2C32&amp;ssl=1\" data-large-file=\"https:\/\/i0.wp.com\/www.escrimepaloise.com\/wordpress\/wp-content\/uploads\/2019\/08\/pdf.jpg?fit=32%2C32&amp;ssl=1\" class=\"size-full wp-image-14020 alignnone\" src=\"https:\/\/i0.wp.com\/www.escrimepaloise.com\/wordpress\/wp-content\/uploads\/2019\/08\/pdf.jpg?resize=32%2C32&#038;ssl=1\" alt=\"\" width=\"32\" height=\"32\" \/><\/a><\/strong><\/span>\u00a0 <span style=\"color: #3366ff;\"><a style=\"color: #3366ff;\" href=\"https:\/\/www.escrimepaloise.com\/wordpress\/wp-content\/uploads\/2023\/06\/Contrat-d-Engagement-Republicain.pdf\">Contrat d&rsquo;engagement r\u00e9publicain<\/a><\/span><\/td>\n<\/tr>\n<\/tbody>\n<\/table>\n<p>&nbsp;<\/p>\n<hr \/>\n<p>&nbsp;<\/p>\n<div class=\"feature-list\">\n<div class=\"row\" data-wp-editing=\"1\">\n<table style=\"width: 98.078928%; height: 138px;\" border=\"0\" width=\"390\" cellspacing=\"0\" cellpadding=\"0\">\n<colgroup>\n<col width=\"230\" \/>\n<col span=\"2\" width=\"80\" \/><\/colgroup>\n<tbody>\n<tr style=\"height: 5px;\">\n<td class=\"gmail-xl72\" style=\"border-style: solid; border-color: #000000; height: 10px; width: 58.974359%;\" width=\"390\" height=\"19\">\n<h1 style=\"text-align: center;\"><span style=\"color: #008000;\">Boutique<span style=\"background-color: #d5d5d5;\">\u00a0<\/span><\/span><\/h1>\n<\/td>\n<td style=\"border-style: solid; border-color: #000000; width: 30.094467%; height: 10px;\" colspan=\"2\">\n<h1 style=\"text-align: center;\"><span style=\"color: #008000;\">\u00a0<\/span><\/h1>\n<h1 style=\"text-align: center;\"><span style=\"color: #008000;\"><a href=\"https:\/\/www.helloasso.com\/associations\/section-paloise-escrime\/boutiques\/achat-de-materiel-neuf-et-d-occasion-1\"><img data-recalc-dims=\"1\" loading=\"lazy\" decoding=\"async\" data-attachment-id=\"25962\" data-permalink=\"https:\/\/www.escrimepaloise.com\/wordpress\/informations\/inscription\/capture-decran-2024-08-21-a-19-04-32\/\" data-orig-file=\"https:\/\/i0.wp.com\/www.escrimepaloise.com\/wordpress\/wp-content\/uploads\/2024\/08\/Capture-decran-2024-08-21-a-19.04.32.png?fit=250%2C94&amp;ssl=1\" data-orig-size=\"250,94\" data-comments-opened=\"0\" data-image-meta=\"{&quot;aperture&quot;:&quot;0&quot;,&quot;credit&quot;:&quot;&quot;,&quot;camera&quot;:&quot;&quot;,&quot;caption&quot;:&quot;&quot;,&quot;created_timestamp&quot;:&quot;0&quot;,&quot;copyright&quot;:&quot;&quot;,&quot;focal_length&quot;:&quot;0&quot;,&quot;iso&quot;:&quot;0&quot;,&quot;shutter_speed&quot;:&quot;0&quot;,&quot;title&quot;:&quot;&quot;,&quot;orientation&quot;:&quot;0&quot;}\" data-image-title=\"Capture d\u2019\u00e9cran 2024-08-21 \u00e0 19.04.32\" data-image-description=\"\" data-image-caption=\"\" data-medium-file=\"https:\/\/i0.wp.com\/www.escrimepaloise.com\/wordpress\/wp-content\/uploads\/2024\/08\/Capture-decran-2024-08-21-a-19.04.32.png?fit=250%2C94&amp;ssl=1\" data-large-file=\"https:\/\/i0.wp.com\/www.escrimepaloise.com\/wordpress\/wp-content\/uploads\/2024\/08\/Capture-decran-2024-08-21-a-19.04.32.png?fit=250%2C94&amp;ssl=1\" class=\"aligncenter wp-image-25962\" src=\"https:\/\/i0.wp.com\/www.escrimepaloise.com\/wordpress\/wp-content\/uploads\/2024\/08\/Capture-decran-2024-08-21-a-19.04.32.png?resize=160%2C60&#038;ssl=1\" alt=\"\" width=\"160\" height=\"60\" srcset=\"https:\/\/i0.wp.com\/www.escrimepaloise.com\/wordpress\/wp-content\/uploads\/2024\/08\/Capture-decran-2024-08-21-a-19.04.32.png?resize=200%2C75&amp;ssl=1 200w, https:\/\/i0.wp.com\/www.escrimepaloise.com\/wordpress\/wp-content\/uploads\/2024\/08\/Capture-decran-2024-08-21-a-19.04.32.png?w=250&amp;ssl=1 250w\" sizes=\"auto, (max-width: 160px) 100vw, 160px\" \/><\/a>\u00a0<\/span><\/h1>\n<\/td>\n<\/tr>\n<tr style=\"height: 24px;\">\n<td class=\"gmail-xl69\" style=\"width: 99.865047%; border-style: solid; border-color: #000000; height: 24px;\" colspan=\"3\" height=\"19\">L&rsquo;achat du gant est obligatoire<\/td>\n<\/tr>\n<tr style=\"height: 24px;\">\n<td class=\"gmail-xl65\" style=\"width: 58.974359%; border-style: solid; border-color: #000000; height: 24px;\" width=\"230\" height=\"19\">Gants escrime<\/td>\n<td class=\"gmail-xl75\" style=\"width: 40.890688%; border-style: solid; border-color: #000000; height: 24px;\" colspan=\"2\">20 \u20ac<\/td>\n<\/tr>\n<tr style=\"height: 24px;\">\n<td class=\"gmail-xl65\" style=\"width: 58.974359%; border-style: solid; border-color: #000000; height: 24px;\" width=\"230\" height=\"19\">Chaussettes section paloise<\/td>\n<td class=\"gmail-xl77\" style=\"width: 40.890688%; border-style: solid; border-color: #000000; height: 24px;\" colspan=\"2\">12\u20ac la paire<\/td>\n<\/tr>\n<\/tbody>\n<\/table>\n<\/div>\n<\/div>\n<div dir=\"ltr\"><\/div>\n<hr \/>\n<p><strong>Protection des donn\u00e9es<\/strong><\/p>\n<div class=\"feature-list\">\n<div class=\"row\" data-wp-editing=\"1\">\n<p>Conform\u00e9ment aux dispositions de la RGPD, La Section Paloise ne collecte que vos donn\u00e9es personnelles utiles \u00e0 son activit\u00e9, et ne les communique \u00e0 aucune autre entit\u00e9 sans votre consentement explicite.<br \/>\nLa fourniture de votre email est n\u00e9cessaire pour recevoir nos communications, et est enti\u00e8rement facultative. N\u00e9anmoins notre club communique ses\u00a0informations par mail.<br \/>\nVotre adresse est \u00e9galement transmise \u00e0\u00a0l\u2019association Section Paloise Omnisports\u00a0pour sa newsletter (dont vous pourrez\u00a0vous d\u00e9sabonner librement)<\/p>\n<\/div>\n<\/div>\n<div class=\"fusion-clearfix\"><\/div>\n\n\t\t\t<\/div>\n\t\t<\/div><\/div><\/div>\n","protected":false},"excerpt":{"rendered":"","protected":false},"author":1,"featured_media":0,"parent":11820,"menu_order":0,"comment_status":"closed","ping_status":"closed","template":"","meta":{"jetpack_post_was_ever_published":false,"footnotes":""},"class_list":["post-11858","page","type-page","status-publish","hentry"],"jetpack_sharing_enabled":true,"jetpack_shortlink":"https:\/\/wp.me\/P8aWQh-35g","jetpack-related-posts":[],"_links":{"self":[{"href":"https:\/\/www.escrimepaloise.com\/wordpress\/wp-json\/wp\/v2\/pages\/11858","targetHints":{"allow":["GET"]}}],"collection":[{"href":"https:\/\/www.escrimepaloise.com\/wordpress\/wp-json\/wp\/v2\/pages"}],"about":[{"href":"https:\/\/www.escrimepaloise.com\/wordpress\/wp-json\/wp\/v2\/types\/page"}],"author":[{"embeddable":true,"href":"https:\/\/www.escrimepaloise.com\/wordpress\/wp-json\/wp\/v2\/users\/1"}],"replies":[{"embeddable":true,"href":"https:\/\/www.escrimepaloise.com\/wordpress\/wp-json\/wp\/v2\/comments?post=11858"}],"version-history":[{"count":179,"href":"https:\/\/www.escrimepaloise.com\/wordpress\/wp-json\/wp\/v2\/pages\/11858\/revisions"}],"predecessor-version":[{"id":26732,"href":"https:\/\/www.escrimepaloise.com\/wordpress\/wp-json\/wp\/v2\/pages\/11858\/revisions\/26732"}],"up":[{"embeddable":true,"href":"https:\/\/www.escrimepaloise.com\/wordpress\/wp-json\/wp\/v2\/pages\/11820"}],"wp:attachment":[{"href":"https:\/\/www.escrimepaloise.com\/wordpress\/wp-json\/wp\/v2\/media?parent=11858"}],"curies":[{"name":"wp","href":"https:\/\/api.w.org\/{rel}","templated":true}]}}