{"id":11903,"date":"2016-07-07T14:07:25","date_gmt":"2016-07-07T13:07:25","guid":{"rendered":"http:\/\/www.escrimepaloise.com\/wordpress\/?page_id=11903"},"modified":"2016-12-17T11:33:17","modified_gmt":"2016-12-17T10:33:17","slug":"encadrement","status":"publish","type":"page","link":"https:\/\/www.escrimepaloise.com\/wordpress\/encadrement\/","title":{"rendered":"Encadrement"},"content":{"rendered":"<p>L&rsquo;enseignement de quatre disciplines,\u00a0\u00c9p\u00e9e Hommes et Dames, Sabre Hommes et Dames,est plac\u00e9 sous la direction technique de deux professeurs dipl\u00f4m\u00e9s d&rsquo;\u00e9tat du second\u00a0 degr\u00e9 et anciens sportifs de haut-niveau<\/p>\n<table style=\"height: 80px;\" border=\"0\" width=\"664\">\n<tbody>\n<tr>\n<td colspan=\"2\"><span style=\"color: #008000;\"><strong>Ma\u00eetre Laurent VICENTY<\/strong><\/span><br \/>\nChampion du Monde 1998 des ma\u00eetres d&rsquo;armes au fleuret.<\/td>\n<td width=\"51%\"><span style=\"color: #008000;\"><strong>Ma\u00eetre Alain COICAUD<\/strong><\/span><br \/>\nVice-champion du monde, triple m\u00e9daill\u00e9 mondial au sabre.<\/td>\n<\/tr>\n<\/tbody>\n<\/table>\n<p>&nbsp;<\/p>\n","protected":false},"excerpt":{"rendered":"<p>L&rsquo;enseignement de quatre disciplines,\u00a0\u00c9p\u00e9e Hommes et Dames, Sabre Hommes et Dames,est plac\u00e9 sous la direction technique de deux professeurs dipl\u00f4m\u00e9s d&rsquo;\u00e9tat du second\u00a0 degr\u00e9 et anciens sportifs de haut-niveau Ma\u00eetre Laurent VICENTY Champion du Monde 1998 des ma\u00eetres d&rsquo;armes au fleuret. Ma\u00eetre Alain COICAUD Vice-champion du monde, triple m\u00e9daill\u00e9 mondial au sabre. &nbsp;<\/p>\n","protected":false},"author":1,"featured_media":0,"parent":0,"menu_order":0,"comment_status":"closed","ping_status":"closed","template":"","meta":{"jetpack_post_was_ever_published":false,"footnotes":""},"class_list":["post-11903","page","type-page","status-publish","hentry"],"jetpack_sharing_enabled":true,"jetpack_shortlink":"https:\/\/wp.me\/P8aWQh-35Z","jetpack-related-posts":[{"id":11855,"url":"https:\/\/www.escrimepaloise.com\/wordpress\/historique\/","url_meta":{"origin":11903,"position":0},"title":"Historique","author":"spescrime","date":"7 juillet 2016","format":false,"excerpt":"","rel":"","context":"Article similaire","block_context":{"text":"Article similaire","link":""},"img":{"alt_text":"l-escrime-fleuron-de-pau","src":"https:\/\/i0.wp.com\/www.escrimepaloise.com\/wordpress\/wp-content\/uploads\/2016\/09\/l-escrime-fleuron-de-pau.jpg?resize=350%2C200","width":350,"height":200,"srcset":"https:\/\/i0.wp.com\/www.escrimepaloise.com\/wordpress\/wp-content\/uploads\/2016\/09\/l-escrime-fleuron-de-pau.jpg?resize=350%2C200 1x, https:\/\/i0.wp.com\/www.escrimepaloise.com\/wordpress\/wp-content\/uploads\/2016\/09\/l-escrime-fleuron-de-pau.jpg?resize=525%2C300 1.5x, https:\/\/i0.wp.com\/www.escrimepaloise.com\/wordpress\/wp-content\/uploads\/2016\/09\/l-escrime-fleuron-de-pau.jpg?resize=700%2C400 2x"},"classes":[]},{"id":26443,"url":"https:\/\/www.escrimepaloise.com\/wordpress\/national-horaires\/","url_meta":{"origin":11903,"position":1},"title":"National horaires","author":"spescrime","date":"5 mai 2025","format":false,"excerpt":"Horaires des Comp\u00e9titions Ouvertures des portes \u00e0 7H30 le samedi et dimanche Le 17\/05 \/ comp\u00e9tition\u00a0individuel : N2 Hommes N2 Dames N1 Hommes N1 Dames Appel 8h30 9h15 13h00 13h00 Scratch 8h45 9h30 13h30 13h30 D\u00e9but 9h00 9h45 13h45 13h45 Finales \u00e0 8 N1 \u00e0 partir de 16h00 Formule Individuelle\u00a0:\u2026","rel":"","context":"Article similaire","block_context":{"text":"Article similaire","link":""},"img":{"alt_text":"","src":"","width":0,"height":0},"classes":[]},{"id":11952,"url":"https:\/\/www.escrimepaloise.com\/wordpress\/palmares\/","url_meta":{"origin":11903,"position":2},"title":"Palmar\u00e8s","author":"spescrime","date":"8 juillet 2016","format":false,"excerpt":"","rel":"","context":"Article similaire","block_context":{"text":"Article similaire","link":""},"img":{"alt_text":"Logo1","src":"https:\/\/i0.wp.com\/www.escrimepaloise.com\/wordpress\/wp-content\/uploads\/2016\/08\/Logo1-300x273.png?resize=350%2C200","width":350,"height":200},"classes":[]},{"id":25095,"url":"https:\/\/www.escrimepaloise.com\/wordpress\/competition\/","url_meta":{"origin":11903,"position":3},"title":"National","author":"spescrime","date":"18 janvier 2023","format":false,"excerpt":"CHAMPIONNAT DE FRANCE M20 17&18 MAI 2025 La Section Paloise Escrime a le plaisir de vous convier au championnat de France M20 Sabre qu\u2019elle organisera les 17 et 18 mai au complexe de Pelote (Ja\u00ef Ala\u00ef), 458 Boulevard du Cami Sali\u00e9 \u00e0 Pau. Horaires Engagements Navettes H\u00f4tels R\u00e9sultats \u00a0 Restauration\u00a0:\u2026","rel":"","context":"Article similaire","block_context":{"text":"Article similaire","link":""},"img":{"alt_text":"","src":"https:\/\/i0.wp.com\/cdn-icons-png.flaticon.com\/128\/3288\/3288819.png?resize=350%2C200&ssl=1","width":350,"height":200},"classes":[]},{"id":25547,"url":"https:\/\/www.escrimepaloise.com\/wordpress\/documents-2\/","url_meta":{"origin":11903,"position":4},"title":"Documents","author":"spescrime","date":"25 septembre 2023","format":false,"excerpt":"Formation Arbitre avec les spe\u0301cificite\u0301s de l\u2019e\u0301pe\u0301e R\u00e8glement sportif pour jeunes escrimeurs Formation Arbitre avec les spe\u0301cificite\u0301s du fleuret et du sabre Cartons jaunes, rouges et peut \u00eatre noirs .... Padlet pour les candidats arbitres \u00a0 \u00a0","rel":"","context":"Article similaire","block_context":{"text":"Article similaire","link":""},"img":{"alt_text":"page1image53084784","src":"data:image\/png;base64,iVBORw0KGgoAAAANSUhEUgAAAWwAAAFkCAYAAAAEzAHUAAAAAXNSR0IArs4c6QAAAHhlWElmTU0AKgAAAAgABAEaAAUAAAABAAAAPgEbAAUAAAABAAAARgEoAAMAAAABAAIAAIdpAAQAAAABAAAATgAAAAAAAPNoAAABGwAA82gAAAEbAAOgAQADAAAAAQABAACgAgAEAAAAAQAAAWygAwAEAAAAAQAAAWQAAAAA9FJX6gAAAAlwSFlzAAAh3QAAId0BIBa8+AAANcVJREFUeAHtnQfYLVV5to2RKp0jnUNvig0BRSmGxA4WQNQAURNj9E+MUWNMojHib4mxm1ijaIIoJjFqLhULQQyaqEFAQhEp53DoRXo1mv+\/78M3ut1nf\/vbZdqe\/bzX9Xy7zaxZc8+3n1nzrrVm\/8r9EhL4FbQBOhQdgIq4myefRj8q3shjCIRACIRAswTWZ\/N\/jO5F\/29BP+Pxu0gjT4RACIRACLSAwK9Sh19H16HCrH20df1qlAiBEAiBEGgBAVMhu6DTUK9Z\/y+vV6HdUSIEQiAEQqAFBEx3vAX9FPUa9k94fRJ6AEqEQAiEQAg0TMBUyOPRLajXrH1+GzoMJUIgBEIgBFpAYCvq8K\/I9EevYdvZeBbaCCVCIARCIAQaJrAW238hugf1mrXPfe+1yPx2IgRCIARCoEECGvEO6FzUb9a+vhLtjRIhEAIhEAINE1iH7b8S9adCNOv\/Qf+EbIEnQiAEQiAEGiRQDOM7nzoMal3b2fjsBuuXTYdACIRACCwQWJvHP0F2LPYbti1up6AvQ4kQCIEQCIEGCdi63g5pyv1m7WvHXn8QpbMRCIkQCIEQaJKAeekXoUG5aw3b8dhPRIkQCIEQCIGGCTju+gw0qHVtiuRstDFKhEAIhEArCdy\/lbUqv1JOMd9vQYNKd2r6N5GdjokQCIEQaCWBeTHsdaF\/LHJI36DQsM9Btr4TIRACIdBKAvNi2HY2PmnIETAlsmLI5\/koBEIgBBonMC+G\/UxID7s3iC3sVY0fjVQgBEIgBOacgL8m8z00qLOxeM\/p6KZNEiEQAiEQAg0SeDTb7v3pr8Kki0fTIWc2WL9sOgRCIARGItD1lIiTYI5AznBcLByXfSnKhJnFCOX9EAiBVhDoumGbDnnWEqRtYV+FbHEnQiAEQqC1BLpu2I+E\/M4j0L+JZdLCHgFUFgmBEGiOQNcN+ymgXWofTYlci9LCbu7\/MFsOgRAYgcBSZjZCEa1dxNmNB6GlWs4a9R2t3YtULARCIAQWCHTZsLdkH0f55Rhb2NfnPyIEQiAE2k6gy4a9D\/A3GeEA2MI2h50IgRAIgVYT6KphmwY5AC2VDvHgaNj+NFgiBEIgBFpNoKuGLfT9RySvqcewR4SVxUIgBJoj0FXDdpr5w0fE6jhsZ0ImQiAEQqDVBLpq2LtBfdMRyXvjJ5UIgRAIgVYT6Kph7wX1Ufdt1OVafSBTuRAIge4T6KpZPZRDN0qHo0fY5X7VJ4kQCIEQaDOBLhq2BrznGNBl4CSbRAiEQAi0mkAXDdvW8q5jUJdB7oU9BrAsGgIh0AyBLhr2A0HpLMdxYq1xFs6yIRACIdAEgS4a9saAXDYGTFMorpMIgRAIgVYT6KJhbwPxcXLSGvbWrT5KqVwIhEAIQKCLhr2c\/RrnVqkyGHXMdv5pQiAEQqAxAl0zbFvL5q99HDVkYAt7nHVGLTvLhUAIhEBpBLpm2ILZcEw6GrVplEQIhEAItJpA1wzbVMhWaJyUiMMAd2r1UUrlQiAEQgACXTNsD+oWaJz0hgx2QJntCIRECIRAewl00bDHGSHikdHcN0Pjjt123UQIhEAI1Eagi4Y9ySQY19mjNurZUAiEQAhMQKBrhm1reb0JONgqH+X3HycoOquEQAiEQDkEumbYUll\/AjQa9qNQF3lMgCOrhEAItJFADOq+o2KH48PQJK3zNh7X1CkEQqCDBLpo2HdNcJzk4AxJR4skQiAEQqCVBLpm2I6\/vmdC0t5i9bETrpvVQiAEQqByAl0zbIH9ZEJqa7PeE9A4Y7gn3FRWC4EQCIHxCcSwf8HMPPaj0ea\/eCvPQiAEQqA9BLpo2DdNiNeWtWb9axOun9VCIARCoFICXTNsTfeaKYitw7rPRJNMvplis1k1BEIgBJYmMO407qVLbH6JW6eogjwORNuhFVOUk1UnJ+BJ1+PgT705zNKTp699\/2fofxZ0N4\/K9+xsToRA5wl0zbD94l6LfPQLPm64jjePspX97nFXzvITE9CUN0GmpHz0jos7Ljz6822+57G5F\/0Y3YauRlehG9HNC\/J9l0mEQCcJdM2wPUhXTHmkHC3yHHQCmqa1PmU15mJ1jdh7ke+I9kP7ooei7ZEGvVT8lAU83uejM9FZyCsjT9qa+P+iRAiEQIsJaAC2smxlTypbakeiRPkENGJ\/JHl\/9HL0NXQL0lwnPV6uZ2rEcr6BXoMOQLbUHf2TCIEQaCkBf3HmSjTNl9+W25eRl+OJ8gjI05b069G5aFqTXuwYm+e+GL0FPRZlqCYQEiHQRgK2qL6LFvsyj\/q+rewj2riDM1gnU2+7ot9D30eeEEc9DtMs53YuQK9GeyFHASVCIARaRMBL7o+jab7oruuX\/d9QWmdAmCIc7XEIOglNm6qa9Jg6muSL6MkoV01ASIRAmwi8isqUcbl9O+W8BHVtvHpdx8pc9fOQrdwyjsekhu165rgvRS9G5rYTIRACLSFwKPXwCzrNF7z4kp9HOXu2ZL9mpRpe5WyJPHE6DG\/a41Dm+g4DPB5thxIhEAItIOBIEVvHZXzRf0I5H0EPQomlCWjWWyM7Fu9CZRyDsstwNMk7UEwbCIkQaJqApnEOKuuLfgdl\/THaCCWGE\/DE9hfIvHFZ\/KsoR9N2FIlpm0QIhECDBDTs96My86bXU95xaJKfIGO1uYgN2MuXIk9wVZhs2WXeQD1fgax3IgRCoEECz2XbZRq2Za1Cz0IxbSD0hUP3noa8+VbZxlpVeR7TlehI5PT4RAiEQEMEdmC7Ti0v88vuF\/wydBRygk7iPgJe0eyOvofK5F1HWQ7fPBs9EiVCIAQaImCL6Zuo7C+9pu39K16ANkeJ+05eduLJpmzedZRn5+iJaFOUCIHWEnBWYFfDL7rjbR3iZwuwrLAsOx8PRPcgzdtZkfMa\/g89Gr0NrTejEDy5O7LIcdrnzeg+pNohMPME9mEPNNWqWml3UvaH0cPQvE573oR9\/0dUFeO6yvX+I6ejDN8EQiIEmiBgR5j5ySq\/9OZAv40OQ\/P2Zbd17ZXGrIwKWer\/wFEjv40SIdBKAl1OiQjcL+i26GBfVBT3p9zt0EHIWX2XIyfbmM\/teqzLDr4cue9dCL8P6nPoZ13YoexDCMwaAdMVdc2406i\/gB6DNkZl5s4prlXhvu2BrkZLtVxn6fMr2Z9HoUQItI5A11vYAr8JPQkt90XFIU9N7OnI1udlyNyo6lqYsz8OPQt16cTkvnil9O8oEQIh0ACB32Ob5prrbOmZEvkhcuafKZNZHUFB1QfGRrx7BqqTaR3b8uSqWXtCSoRACDRAwDz25aiOL3z\/NjxRfAe9AHlTpC4Yt61QJ8p0pbOx\/5j5v\/JQlAiBVhGYh5SIwG01mVO2c0yzqTOKTsnD2eghyHy6l9wa+aymShy3\/FT0bFQ3TzZZeXhszkfeQCwRAq0hMC+GbY\/\/9cgp5f4CShOhcdvS934bByI7KB1GZupk1ozbdIEsH4e6aNi2uK9DX0GJEGgNgXkxbIE7G3EL5AiOJk1G5tshx20\/GRk3Ilt1mvgshIb9ErTnLFR2gjr6\/2G652TkCTURAiFQMwG\/hHsgW9r9OcsmX9v6\/xF6PdoLmbpp+4l0A+pY5v3Gm+S\/2LYvZh+dxZkIgdYQaLsxlA3qTgrUbNp0Ke+JxJtIHYKORpshhyL6AwCmStrYwlufer0YdXlm573snxNoTFslQiAEGiCgOe6CLkGLtaza8L6dkicgO0mXITv52hRbUZlVqA2sqqrDtezfb7QJeuoSAnaEzVP45dZo3o5sQbU1bGW\/EJ2C3ovaZty2+tvY8qdapcY87GOpwFJYCFRBwDzxv6GqWmdll2uH6WfQocj0SdOpLPmdh8rezzaV55T7\/VAiBEKgYQIa3sGobR2QSxmWOfi\/RxqJMw1N8TQR9gN8Dy1V31n+3CuxbZuAm22GwGIEmm6pLVavqt\/XSBxnazwWtS1HvLpiA\/5Yz4ehZ6K10Qp0D3JIYJ1hPTzh7V3nRmvclqkQDfv9yI7fRAi0gsC8GrbwNblzkUP9HE98fzQLYav6gci89q+hG5GX73Xm5P2\/eTDStJtq5bPpysLx8N9Fn0ae3BMh0AoC82zYHgC\/mGehQ5AjH2bJfKyrdX4K2hL9EDnZ42eojnCbR9axoQa24ZBKb5N7egPbziZDIASGEPCkpWFfgWxNzaK8WvgBeiqy9V11eLLYDdkZOou8lqqzQ\/qehhIhEAItJOBPiT0HXYOW+jK3+XPz8i9FjuKoOjZkA\/+J2sxjkrp5hXI+8uolEQKtIjDvKZHiYNjJdDEypXAgWhfNYti6fjyyQ\/JMVGVe21a2aZHHo1lKJVHdoXEPn34dfXLoUvkwBBogEMP+BXRbVo4ttvNxHzSrpq1Z+xNX7sf3UVWmbev1FvSbaB3UlbiZHXkXurArO5T96A6BGPYvH0tzwf+F5PJINKum7bC7fZH33nZ\/quiI1LAtf39kPrsLIacL0BtRVSe6LnDKPjREIIa9JnjH3TopxMv8WTdtJ9icjS5BVYQGdyd6BrIfYNbDTtQPotNnfUdS\/xCYNwLrs8OvRTehSTqv2rCOhqphb4Oqio0o+AzUhv2dpg5eXZlC2holQqCVBNLCXvyw2NI2nWBO8xHIURGz1rlmfTdFpi7+HVURnhQ8qR2GzJ\/Panic34tOm9UdSL1DIATuu9Q\/GhArka2waVpxTazrCJjLkDeNqio2oGBHVbitJvZx2m06gcqRIfnBAiAkQmDWCXglcgg6B9kZNa1B1L2+eebjUFVhS34vdDmqe9+m3Z4nmUvRr6NECLSaQFIiox0eTWEV+ibaFZnnnLXLf8cXfx5VFbdS8I\/RoWiWhvmZzvk79AmUCIEQ6BiBzdif9yFvujQrKQDzzF4dVH2SsaP2XciTw7Qt3zrW98rDVI79E4kQCIGOEliP\/XoJWonMf9ZhLtNsQ8P+Aaqj5Wuu3JZ8203b+p2KlqNECIRAxwmYTnLSyOnIKe3TGGrV62rY30LmmusIhxF+CbU1369Zn4b2RIkQCIE5IuD9NP4WmSLRGKs230nK9yrgBFSXYbud7dEXkWmHSepc1TrW59\/QQ1AiBEJgDgk4Ffw56FzkmOeqzGbScq3TH6C6DJtNrQ7TIx9Ct6BJ617WevY32MF4MtoJJUIgBOaYgGboPTVOQo6WaFNr+wbqszdqIjZgo69Al6OmUiReYaxEb0WbokQIhEAIrCbgSIzfRRegNrS2nexjPrnJuD8b3x99BZk6qmsCkidNt2cKxB93sB6JEAiBEPglAra290C2tm3dNtnatrX\/dNSGsLX9W8gp\/3Kx86+slEdvOd5WwP3+Pvp95FDMRAiEQAgMJeAwumOQQ+puReZRe42l6uca4omo6vHXbGKs2Jiln4e+gK5At6FpW92uf\/tCebaoX4SWoUQIdIaALcFEtQRk7DC3FyNblw9CTjCpmr0G5p36jkLO0mxjeCJ5CDoC\/QbaDsnG99dCDp00jdGbyvCkp9w\/5UnpbnQ1Og2dgs5CRTqKp4kQ6AaBqk2jG5TK2QvNZ1f0MvQ05AgKUwRVHAMNzJmNf4A0r7aHDOTzYLQPehjaGcloE6SJa9qmlmyNe7VyPVqBzkPu60VIA\/eqJRECIRACpRAojOltlPYjdBNyFEMZ6RHLsaV5ItoJzWpo4Bq0v\/ijYW+BtkRenWyITDW5jEqEQAiEQOUENCRTAHaKfQ1ptLYe7TAb17wdLncD+gZ6OnoASoRACHSMQFoo7Tig3pvENMBh6GC0HJku6c3l9h4rc7i2ppUmfwFyRIrD93ydCIEQ6CCBXhPo4O7N3C55PGx574gejrzH9E7IVIAGbpjHvRFdgc5H30EXo+RugZAIgS4TiGG3\/+h6jFSR5tCY7VwzYtL3ccjfEAiBEAiBEAiBEAiBEAiBEAiBEAiBEAiBEAiBEAiBEAiBEAiBEAiBEAiBEAiBEAiBEAiBEAiBEAiBEAiBEAiBEAiBEAiBEAiBEAiBEAiBEAiBEAiBEAiBSglkanqleFN4wwT8\/\/Z2toW8T0sRTuv3vizKm2mpTPUHQqK9BGLY7T02qdn4BDRk73zofbR93BR54ywft0G+5\/+892LxNrY3o2uQv\/94J\/JOh96q1l+x8fPini08TYRA8wRi2M0fg9RgOgKatAbt70T6IwcHoX3RPmhr5A8gFC3r3v\/3ojXto2btr9hcjvxZtf9G5y689qfG\/AUfb2WbCIFGCfT+AzdakWw8BMYk4P+uvz6zLToUPQsdgGxFG5P+b2vgrmsr2\/uMfw2dgbyVrS1yDTwtbyAk6icw6T91\/TXNFkPgFwT8jccd0LPRcWgXVOX\/sq3rC9GX0SnI+4\/fgWx5mwNPhEAIhEAI9BHQlJeh30GaZtFRaKu4Drk9Tfrb6DXoUehByJRMIgRCIARCoIeAnYd\/hjTNOgx62DY0bzsrP4uei5ajjVDxQxM8TYRACITAfBLw9y2fjG5Hw4y0ic8cUXIRehMyj74FSqsbCIkQCIH5JGAq5FOoCUMedZu2um9BX0DHou2QrW7HgSeGEyiGZA5fKp+GQAjMBIE9qeXVaFTzbHo5W90Xojcihxl6wlkHJQYTcJy8ncj2CVTZgTx463k3BEKgNAK2vg5EDqdr2ojH3b6tbn\/l\/mTk0ENb3Q5HTKsbCD3xcJ5\/Fb0dbYli2kBIhMAsEtCwD0Wa37iG2ablbXU7MedP0MOQnajm5hP3u5+GLZub0YfQtsjjngiBEJgxAn5xD0Gz2MIedMLwxHMt+ih6CjId8EA0zwb1CPZfw5bXrUg2y1GuRICQCIFZI\/BgKnw9GmSAs\/yeMyq\/hV6BbHXPa65bwz4HFcfS0UCfRruimDYQjIC4j0P+tp+AOc1HI7\/AXYoHsDO2JJ+AjkR7IFvgToHXvHyuuh5bsYNHIPPXhqmindEuyPu63ITkMdcRw57rwz9TO++X1bHNT0Rd\/L\/1hLQBeijSuEyV2Np26vu9yM+7bN4atp2yhWHz9H5roR3RbkjTdqLSPJy82M3B0cV\/\/MF7mndnnYAddtehx6HtZ31nlqi\/uWyHtx2IjkK2vjUyzds8vuEJrEv3Mdma\/ek3bPezuALZi+cXoBtQl\/ab3Rk9Ytijs8qSzROwpekX9snI1nbXw1a1qQE7JQ9Cv4kOXXitqWvefoeL1vcspww0bK8snCXaH4Vpe\/VxEbLDdi5NO4bd\/6+R120m4JdUw7a16TCwefr\/1ZTdX83blreTTMx52xlra9zQ2EwjFCaugc+KiRct7EGGzW6sHkHjvts5uQpdgYqrDZ7OR8zTP\/x8HNHu76WjKrw03g\/N81hdzXkT5MiSp6Lj0GFoH7QT8jPN2xb6eguPPrdl7ve+bUY+rIVNdVeHdTfX\/UhkemwFMlU2N+FZOxECs0ZAs9oXfRg9BKXhAYSeKFrWd\/Cesyw1tsvRSqTRXYOuRn7uCVDZWlVexWiCdu75vK5OPk34k8grhqXC\/bsMvR2djG5FcxEx7Lk4zJ3cSVuPB6APoN2RrxOLE9DkekMj1ujMB2vi6qoFaea+dlTGLagwcB8LQ9fcLUP1l81bY8c4hl0Ubn3\/Bn0MWdcy6kEx7Y0YdnuPTWq2NAFb2uay34Vsca+PEtMRKEzvJxSjKdsKt3V+PboSaeaa\/EqkmTvB5S50L9LM+1vphbHz0dAwlXMiGqWF3VuQVxC2zG1te5KxDp2NGHZnD+3c7Jj\/w8vR69Az0KZII0+UT0Azl3dh6ra4baU7qcUW7sqF57Z8NXbf81FT7027FCZeGLyvbWH\/PRrXsFll9a\/df57HN6EVyPI6GTHsTh7WudwpJ53Y6fYqtDvytZ1UiXoJFGaut2jImvrdSPMuUi8+auS2jh3142tPusejXdEk4Ta+gf4CXYi8QuhcazuGzVFNdIaA\/88O\/Xo+OmbhucadFjcQWhSauseqMHerprF7gp3mWFmGMyI\/hM5EpmzcRu92eDmzcVMMe2aPXSo+hIBf\/G3R0ehItDPSuNdDaXUDoeNhR6gt7KJD1MdxY5g3Dvts3O2Murz78KImNjxqBbNcCJRBYCMKeQwyv30w2gqtgzTvaVpzrJ4IgdoIeJVwTAy7Nt7ZUMMEbFnbIXkg0rg18e2QLe910dooBg6ERCsJ2MI+NobdymOTSlVMwP97TXo3pHE7pMwZg9sjW9+at59r4JmUA4QZCjsaHYp4Z0+dixz2oEeN0PCz4vPVbwx4Xbw\/6LHfS3tf+1xZfu\/7RTnFdvs\/K953OZ\/\/Uf8CRQF5DIF5IuD3QJO2w9Jx3Y9Ae6Nd0GZIE7eF7jI+rrXwqJnH0IEwZmiSGqvD7wpZxIZomqscy3KEyMfRqagwY7dlTtvPHS9u56Tytcv0GiMvWxs\/i2G39tikYg0T0Jg1EG+stCUy9618vgMq3t+c55q2Jl60yF3X93ztc+V3rRBPOxuan9Ik+01Zk9Q4bQFfg65AVy48mpp6OZLtJHEPK30fvRV9BbntzkUMu3OHNDtUIYHi+6IhFUZs5+UWaPnCo0a+DJkv18y3Ri6j+dtSdzamZt4ryzJ8LFqYxfNim6sXaMEfW6Qarwx8LIy5eH4775mOcEidMyKvRhqzBr0CrUJOtinW4+nqE5kTZ05Ek0yccXunob9EZ6PORvHP0dkdzI6FQIkENKkiNC6lQalLkdFvsK5jKsXRKhr2xkjz3nbhua9Nu5gz97kqnmv8D0SatwZv2crXxSNPV0f\/MsWyPhr9j9bL+vfukybqez72fl68Z+vYWY2ar4asGfvcyS\/ObrwR+blT1W1F90fvtno\/8\/3FPutdrv+568j+FPSX6CLU6Yhhd\/rwZucaIDDIeDQ6zczQ2HqjMFLfc93CaHvLsYW+OdK8NX1b6aYQPBH4HTYd40nAk4LLuozl+KiK1rzLauyGKYS7UXEPELfna41Y0\/V9W64+1xQ15UEmzNsTma3rTRPW17p+Fr0eXYMSIRACIdBaAoW595p+b2V7P1\/see\/yxfNi2eJ1HY+mRM5DGvFSssXvCeTDyBTU3ERa2HNzqLOjHSSgsQ2LpT5fbN1J11usvDLft27XoU+hNyOvAOYmYthzc6izoyHQegJLnShsWWvWdk5q1rehuYoY9lwd7uxsCLSWgGatIS8Wfmb+\/+Por5H59bmLGPbcHfLscAi0koCGbOfsoPCzVehj6J3IztFECIRACIRAQwQewnZPR7a0e+UQw4vRHyFHxcx1pIU914c\/Ox8CrSGgMTt+uzd87xL0PvRRtFgLnI\/mI2LY83Gcs5ch0HYCpj0c+12E9\/m4CL0HfQL5eu4jhj33\/wIBEAKtIKBhF6bsNPdz0TvQPyFb2gkIxLDzbxACIdAGApqynYnqTPQW9FVkPjuxQMApq4kQCIEQaJrAA6nAXsjheq9FZ6CYNRASIRACIdA2At7d8GC0I3JqfCIEQiAEQiAEQiAEQiAEQiAEQiAEQiAEQiAEQiAEQiAEQiAEQiAEQiAEQiAEQiAEQiAEQiAEQiAEQiAEQiAEQiAEQiAEQiAEQiAEQiAEQiAEQiAEQqBVBDIFtP7DIXPv4XL\/hU37urhhu3cry\/0TFsDkIQRC4JcJxLB\/mUfZr+Trr2Ssh9ZZeL4Bj1ui9Rde87D6tpL38HgZuhLN\/Y3aYZAIgRAIgVoIaNTroq3Qb6C\/Ql9DVyDv9WtL2ttJ9kqTPhsdhNZCiRAIgRAIgYoJ2KLeFb0B+Vt0mnKR8hjl8VqWPxrFtIGQCIEQCIGqCDyIgl+BbkCjmPNiy9zM+seh3K8cCIkQCIEQKJOAHYi2qk9B47aoFzPt6ynriSj9DEBIhEAIhEAZBDTrB6Oz0GLmO8n7\/sbdJWgXlAiBEAiBEJiSgK3f3dD30CSmvNQ6dlB+BpkXT4RACIRACExIQLPeBn0dLWW803x+O+UfgRIhEAIhEAITEnA89fvQNGY8yrrmxL+F3F4Z4YmmUBnlpYwQCIEQaDWBB1A7h945dnoU0512GX9JepJWtvl1J+z4i9QboS3Qjmh3tAPaGG2I\/NzJPQ4l1MwTIRACLSSQL+f4B0Vm26NTkfnrOsKJNl9Bz0S2uJcKTyi2yB258iS0L3oY0pg1cPfBTk1PBLeiH6IfofPQmcgRKp6Mikk+nnASIRACITBzBJzB+AY0bat53PWvY5tLjRjRiDdBR6JvIg1XYx5lW8VyGrUGfgL6LWRrXPO349PyEyEQAiEwEwQ0LA3sGjSKCZa5zF1s86VosbBuGvrnkUZdxrY1cSfxOL7cbe+A1kfFjat4mgiBEAiBdhKwde19Qcoww3HL0IQ\/gwa1cn3P9Md\/oHHLHXV5zdtUyd8gUyzroRg3EBIhEALtJLAt1bocjWpyZS6nYZpj1ij7w87Dz6IytzesLPPeH0V7o0H14e1ECIRACDRHwBEUv42GGVnVn93C9u3w7A3r9UJkZ2TV2+8v33umvBltjezoTIRACIRAKwg4\/O2rqN+06nztJJon9NFwqN65DdbLE8U56DCU1jYQEiEQAs0SMEdsZ+NtqE6D7t+Ww\/B+B1kfw1btUch0Sf+ydb+2U\/RdyB9nSG4bCIkQKJtAvlijEdUYD0UOb2syNOplSDM2HGp3OCoM3PeaClvXf4i+gB6FTNUkQiAESiQQwx4NpsaoYTdtjL9KHcwXF6EpPr540YJH67c\/0rSfjRxVkwiBECiJQAx7NJDOENxvtEUrX8qTh+HJw58gM4fdprBenlT+Dr0GOSU+EQIhUAKBGPbSEGW0w4KWXrq+JayXwwwLA69vy6NtyQk2f47egzZDTV+dUIVECMw2gRj20sfPtIOX+W2J4l4iGuCmqM3H0JPJcegEtB2KaQMhEQKTEmjzl33SfSp7PRk9HLXFbO7p2UE7Q4sOyJ63W\/XUOtox+hm0G8r\/HBASITAJgXx5lqam4XinuzaErWvvY1KE5t2WE0lRp0GP\/p89Bn0OPRLl\/w4IiRAYl0C+OEsTMxe789KL1bKErekfI03asdfONPTWq7MQ1nkvdBLyiiX\/e0BIhMA4BPKlGU5LPo54cJZjG0LDdnq6jxr2lag3RcLLVoemvTs6GXkDqfz\/ASERAqMSyBdmOCn5bI\/aMp5Yk76xp8o38\/yCntez8FTTNpf9SbQPyv8gEBIhMAqBfFmGU5LPjqgtHXtFC7uota3rjyCNfJZC094VfRpp2r5OhEAILEEghj0ckDP3thm+SK2fathX92zRe2T74wKX9rw3K0816Z2Rt2ndEcW0gZAIgWEEYtjD6NxnIm2Z9FG0rjXp3rDj8d3IESSzFv7\/eU\/tE1HvlPtZ24\/UNwRqIRDDHo7ZVt9Owxep7VMN207Ge\/u2qIH\/Izq\/7\/1ZeelVzKPR36JNZqXSqWcINEEghj2cunxsYbchzFNfiwYN47uV91+H7kazGA+g0t5P+x3I+7YkQiAEBhCIYQ+A0vOWtwxty82VNOze\/HVPNVeb+Gm8YUt71jogi\/3wFgC\/iV6GNPBECIRACIxFwJsr3YZMRzQtW8+vQouF6RuHIP4QNV3Xabbv1cKRKI0JICRCoJdAvhS9NH75uQa4wYJ++ZNmXtmpuGrIpjVJp62\/Eml6sxpOUjI14qzIRAiEQA+BGHYPjL6nGnZbJsxYNQ17hU+GhPntU9Fb0E+GLNfmj4orhQ9Qyc3bXNHULQRCoD0EHL3wJGROeJpL\/LLWNX896phwrww+gRxBUtb26y7H0TDvROa2EyEQAiEwlEDRCVa3UQ3anicNh+3Z+hw1\/O3HLyJb3YPKnIX37D94Fhpnv1k8EQLdJJCUyPDj2pYhZqZDLhpe1TU+\/THvvAR9B7n+LIZXCqZ3ls9i5VPnECibQAx7caKmRNoypE\/DvWTxqg78xBb0Veg4NKumbct6F\/RGtA5KhMBcE4hhL374NQt\/QFbjazpMiWjY49bF5VciTfu7aBZb2qamjkD2JyQ1AoTE\/BKIYQ8\/9m0ZJaLRTnob1cK0n0cZp6P+e5HwVuvD1NSfo7Zc8bQeWCrYTQIx7MWPq625jVEbWnV3UY8fLV7VJT\/RtFehY9Bn0Sz96AHVXX0MHszjy1BmQUokMZcEYtiLH3aNesPFP67tE9MhV6AyJsNcRzl2RL4fzdp9RzwWxyJ\/XiwRAnNJIIY9\/LCvPfzjWj7VsB0h4rjkMkLjf92C\/MWacfPiZdRh0jK2ZMVXo3RATkow6800gRj24ofPFrY\/wNt0mHM+F5WZmjEl8j70O8hUyax0Rtqn8Hj0RJQIgRAIgZ8TcAzwD5At0CZ1B9s\/DFURnrBNMXwbOZW9yf0cddvW81TUljHyVCURAiHQNAFzpivRqEZS1XI3UIedUZVhquGTyM7NqvajzHJl8lyUCIEQCIHVBByDfSUq02jGLcv89X+jOkZGeO\/vV6IbkSmSceta5\/K2sk9DHqNECIRACKw2g2vgUKcR9W\/L\/PVJNR4LZ3c+AXnfErfdX582vfbE4tjyMnP7FJcIgfYSMIeZGEzAVq0G1mT8lI2fheoyJVvW5oefhr6M2jxe29b1C1BGjAAhMR8EYtiLH2c7tZwW3WRo2EXHZ131sBW9Eh2L3oYcBuh7bQuPzSPQIW2rWOoTAiFQLwFbtLuj21CTaQA715qcjq0pPgNdgjx5NMli0Lad\/GNnadNXQlQhEQIh0BQBDXtv5JC6QUZRx3sa5Bmo6Va+V2F7oVNR24b+2Sm7AjltPRECnSeQlMjgQ6xhFxq8RPXvmk8+B2ncTYameCF6DvoHZKu2LeEx8mfEHOLn80QIdJpADHvxw9t0p6NG\/T1ka74N8WMq8XL0JlSkitpQL2ejPgW15c6KbWCSOoTAXBHwRPY4pGnWkf4YtA0N0rRM28IT2TORqYgm+fQyu466aNqJEOg0gbSwBx9eL69tuTXVmaUZeWOmH6G2hSb9r0jT9grA8dpNxwZU4HCU\/+emj0S2XymB\/IMvjrfJO\/WZv\/4uaoMZDiJkXtvhho4gcZRG03lt0yFeEW2KEiHQWQIx7MGHtuhwtKXbRNiKPbOJDY+5TYcd\/j46Ht0y5rplLu7\/8VboMWUWmrJCoG0EYtiLHxFTIk2Fw+dsYTd1whhnv21dvxO9GBVT+cdZv6xlneh0aFmFpZwQaCOBGPbgo2ILu6kbC2nSN6ELBletle96RfAvyHt7XIaaONGYFnksanrcOlVIhEA1BGLYg7lq2BsP\/qjyd81fe4c+p4TPUlhvJ\/ocjZowbTuIl6M9USIEOkkghj34sGrYtth8rDvsaPyPujda0vbsjHSyz3Ho8pLKHKcYj9l+46yQZUNglgjEsBc\/Wo43biJsqTpcrom0Qhn7q2lb\/2PRjWUUOEYZ3rnvkaiJE+0Y1cyiITAZgRj24tyaMmxTIWcvXq2Z+KQ46fwZtS3rx4NH2XEN28lGMexRaGWZmSMQwx58yOTiZIy6Q6Ozs7HJIXJl7bOpnU+jk8sqcIRyPG7LUMZjjwAri8wegRj24GNmC82bCtUdjrb4DprVdEg\/r7t4403o+v4PKnrt\/7OjezapqPwUGwKNEohhD8avYa83+KNK37VVqmF3JTzxXIk+VOMOmcpqakhmjbuZTc0jgRj24ke9iYkz3n\/7rMWrNJOfmMP+FPJmVnWE\/9NNnGzr2LdsY84JxLAH\/wPIpe7LavPXP0R1j6wYTKC8d4tW9jfLK3JoSR67DYcukQ9DYEYJxLAHHzi5ONW5zjB\/\/Z\/Ix66FU+2\/XtNOOazwnpq2lc2EQK0EYtiDccul7inOmtrpg6sz8+9qouehOjpT3UbTdw+c+QOWHWgngRj24OOiWW8x+KPK3r2dkp1w0sWwI\/CgmnZMw76zpm1lMyFQK4EY9mDcGnadY3lNg5yJnDTTxZDlMajqCS2atR23N6FECHSOQAx7zUOqqZi\/rvPXZjTsujrl1tzjat9Zm+KPQA+udjOrSzf14pVKWtg1wM4m6icQw16TuUy2QXXkW4utm7\/WsOvcZrHtKh89+W2F\/hj5vOrwxLcC+SPBiRDoHIEY9pqHVGOpc1q6rcJLkUP6uhZeqfwp2rGmHXN0yA9QHSeHmnYpmwmBXxCIYf+CRfFMJrYK6\/rS2yo8DTmNu0thP8CT0QtRXSydpOONs7p2pcIuJUIgvzI96H9Ac6mzw1GTOQV1yWRkuAd6N1oX1RHyczalP6KQCIFOEkgLe83DKpM913y7knc0mevQrP5gwSAomvX26ENou0ELVPSe6ZD\/QnY6JkKgkwRi2GseVkeH7Lbm25W8YzrkVNSliR7e5dCW9eNQnaFR\/zPq0pVKnfyyrRCYSQLLqPUq5Be\/amkyh6OuxMbsyDuQHalVs+st37scfhvlLn1ASITAvBDwiuNRyMvrXkOo4rmmdiHS5LoQxYgQrxqq4DWszBvZ5ku7ADH7EAIhMDoBRza8CNXRQrSz8T2orhEUbKqy8HamL0F1nOj6jVuOX0R1dW6yqUQIhEAbCHgP7I+gflOo4rU\/A3ZAG3Z6yjpolM9Hzi6sgtOwMotb0u475T5k9RAIgRkksBl1Nk0xzCTK+Eyj+T7ypkizHP7o7ZHIk08ZXMYt41q26xVRIgRCYM4ImL\/eH9WRDnFUyGvQLKdDNOujUFNm7Y2yTCnVec8XNpcIgRBoAwEN6HWoDsN27PVebdjpCetgGuTp6GY0bqu4jOVNv3waZVQIEBIhMI8ENmGnv4vKMJRhZTgE7R\/RrI6B16yPRk21rJ3C\/3m0OUqEQAjMIQHN8zHIVMUwsy3jM8deH4ZmMeyUPRaZjiiDxbhlaNaOCNkaJUIgBOaUgK3Gv0LjGsi4y9vZeDZy+OCshWb9u6iJ0SBydrufQ1uiRAiEwBwTeBD7fgka14DHXd4W\/KtmkLO54j9ETZm1LeuT0DKUCIEQmGMCDq0zJzuu+Y67vJ2Zq9ByNEthbv945I8sjLvPZSzvjxF8EDmTMhECITDnBGw9fgmVYS7DytDwPoBmaSifLdq\/QU1MN5flDejPkD8zlgiBEJhzAnY2Otuwjkt979X8kBnh7UllG2Qaoo5hjv0nOk8Qpqj8LchZOsFR3UQIhEBVBLzM\/ijqN4yyX9u61vxmwXw8iZm2cTRGE2bt\/Ui8P\/jDUSIEQiAEVhPQPPdEdYwntnX92NVbbfcf8\/l7Iw2z7JPWKOWZrz4RbYESIRACIfBzAt5h7p1oFCOZZhknyjgcre33DTFPfCC6AE2zv5Os63DHq9HLkTNOEyEQAiHwcwK2rs0nex\/lSQxmnHWcZPIk1Obw5HUUuhaNs29lLGsKxBmmniwSIRACIbAGAQ3qPajqHO1P2caXUZtvUOQomT9Ad6AyDHjUMmR\/E3LInuPgEyEQAiGwBoG6c9eHrlGD9rzh\/TjejkzbjGq0ZSx3L9u7ENmqt5MzEQIhEAIDCTjF+r2oDOMZVkZxk6c25q6LkSAnw6Hqq4xeRkWr+gS2uz1KhEAIhMCiBDSqhyJHbfQaSRXPvdzfH7Ut1qJCMvg2qmK\/FyvTafnnIMdWp1UNhEQIhMBwAhvwcV3jrj\/BttpmTOtSp6eglWgxYy37fa807Mx8FzIFkwiBEAiBJQlonvshW3plm1J\/eVexDVuxbYoNqcxLkGOd++tbxWvTH7ejryJnk87CpCGqmQiBEGgDAUdD\/DOqwpx6y\/SE8BbUJoNyIsq7kTMue+ta1XMZXIheiGzVJ0IgBEJgZAIOq3MsdNWta1uV56NlqA3hfu+KvoCqMufech394dXF8WgrlAiBEAiBsQl4i9BvoF5zqeK56Ybnj127alZwxqDT4c9DVexrb5mON78BfQztjtp0dUF1EiEQArNE4AVU1tZvr8mU\/VzTMl\/bhhSAnavHoOtR2fvZW55Tyj1JfQUdjNrWyUqVEiEQArNEwPTExajXaKp4rjnaudZ0OGvwzcjRGVXsp2V68rsTfQcdjdo41pxqJUIgBGaJgC2+N6CqjKso1\/thOGOwyRam+eqdkfnqqq4mLPcudAFyxMnGKBECIRACpRDYg1KqHsZmWuBMtFkpNZ6sEPPVpiSqzFd7UroIvRrFqIGQCIEQKI+Ard2TUNEKrurxDrbx9PKqPXZJpiOORFXmq73j4NvQtigRAiEQAqUTeAYl2vqtyqgt13HNJ6CmUiEPZNtvXKhHFfupUX8I7YAy8gMIiRAIgfIJOKvvMlSFiRVlms+9FG2Hmoit2agTgaxHUaeyHk1\/fBK1bbYmVUqEQAh0iYAtQe91XZZ5LVaOrc\/DGwBna35fVEW+WqP+F\/QolAiBEAiBygk4tK7qGY0am9PP606FmK92GJ2TVBY7kUzyvvvzWXQQavOPLVC9RAiEQFcIeK\/rH6BJTGvUdZwgcwryV2vqDCfDvAmVOb76Fsr7GDL1kRw1EBIhEAL1ENBw3oqqyOkWZm7ZK9BOqM4wX\/05VMa+2RF7HXLUx24oEQIhEAK1EziYLXppX5hrFY83U\/5Ta9wzUy7mk\/8bTbs\/jmhxZuILkOOo06IGQiIEQqB+AhuySWffTWtqw9Z3ht+f1rhra7Gto9C046tNezjiwxPa2igRAiEQAo0RsKX4PjTMbKf9zNbpx5GdfnWE46tfj9zuJHV3vf9E\/wdtidKaBkIiBEKgeQJPowpldsT1G6SdjGcg0wh1hAb7GWSuub8uw167\/JXIIY0O+7OFngiBEAiB1hBw0srVaJiRTfOZnXwXo11Q1WG++iHoLOR2R6m3yznEz5SHJy5HyaQ1DYRECIRAuwiYj\/0yGsXYJl1GM3w8qjoc+\/xEdBVaqq6atJN2voSOQ8tQTBoIiRAIgfYSeA1VW8rcpvlcU3xuDbvvieel6Ha0WH016TvQV9GL0TYoJg2ERAiEQPsJPI4qOmpjMYOb9n1vzv9KVLUpOrrlr9GgHHxh0qfyuYa+HNU9s5JNJkIgBEJgcgJbseplaFpTXmz9eyn73ahqs7Zz8QtIYy7q4nNPRF9D\/kDADqjqerCJRAiEQAiUT6DqvLXD4U5E65Zf9Z+XqAFvj5zEUhi16ZCvo99DfmZOOxECIRACM0tAozse9bZIC8Mr49Hhe19E3rOj6nA8tzMY\/y8q0h1pSVdNPeWHQAjURuBwtqSplmHO\/WVYrrniTVGdoUnHqOsknm2FQAhUTmAPtjDtFO1+ky5ea9bfQg6PS4RACIRACExBwFZvGTc\/Kgy699HZgd9D205Rv6waAiEQAiEAAadXfxb1mmxZzzXrs9GOKBECIRACITAFAXO7b0ZVdDJq1t4caTlKhEAIhEAITEnAWYZVdDJq1v+B\/FGARAiEQAiEwJQEDmZ9ZxuWlf4oyvEE8A20BUqEQAiEQAhMSWB31r8aFSZb1qNmfRraHCVCIARCIASmJOB07fNQWSZdlOMMRm9B6r07EiEQAiEQAlMSWIf1T0WFyZb5+AHKtfxECIRACITAlAScqv0PqEyTtiw7GI9HuTcHEBIhEAIhUAYBTVVzLdOw76G8lyGHByZCIARCIASmJKCZ\/iEq06gt6zr0BJQIgRAIgRAogYBmfQzy\/tNlGradlv42YiIEQiAEQqAkAs+jnEG\/tDKpeTsj0tujblZS\/VJMCIRACIQABI5Fd6NJzbl\/PcdYvxVV+cMDFJ8IgRAIgfkhYBrk+UiD7TfdSV+br346SuciEBIhEAIhUAYBDfXFqMyctTdw2qWMyqWMEAiBEAiB+wg4Dvq1qKyhe+a+34vWQ4kQCIEQCIGSCHhPa2calmXWV1KWKZD7o0QIhEAIhEBJBDamnM+hSfPTves5CuRk5P1GEiEQAiEQAiUS2IayvO90r+lO+vzHlPN85BT2RAiEQAiEQIkEDqCslWhSgy7WM43yebQjSoRACIRACJRIwLyyLeE7UGG6kz5eQRnPRrlxExASIRACIVAmAW9f+k407Rhr7139frQMJUIgBEIgBEomsB3lfRXZMThpi9p1HVd9MMokGCAkQiAEQqBMAhrrr6NVaFKjdr0V6AXIIYCJEAiBEAiBkglorq9D3nd6UrO+mXWPRw7\/S4RACIRACFRAwCF7X0KTpkDuYt2PoB1RIgRCIARCoAICpkAOR1ehSVrVd7Lex9CuyLISIRACIRACFRBYnzLfgxzFMa5Zmzb5BNoTJUIgBEIgBCok8HDKPhuNa9Q3sM670S4oLWogJEIgBEKgKgJOWnkVug2NatbmtS9dWO9BPCZCIARCIAQqJrAb5Z+GRu1Y9Bdkvo6eg5xEkwiBEAiBEKiYgNPLfxt5w6WlWtWa+Qr0RmR+OmkPICRCIARCoA4Czlj8VzSsVe1n\/izXp9CTkOOxY9RASIRACIRAHQQ03KPR1ai\/VV2Y94189vfoGWhTFJMGQiIEQiAE6iRgx6BGXBizhu1zh+Kdj\/wprqci89IxaSAkQiAEQqAJAv4gwLHIX3FZidZF30R2Hv47WomKn\/biaSIEQiAEQqApAv8fjsrDsBpB\/DUAAAAASUVORK5CYII=","width":350,"height":200},"classes":[]},{"id":25416,"url":"https:\/\/www.escrimepaloise.com\/wordpress\/retour-des-tenues\/","url_meta":{"origin":11903,"position":5},"title":"Retour des tenues","author":"spescrime","date":"7 juin 2023","format":false,"excerpt":"Bonjour \u00e0 tous, La fin d'ann\u00e9e arrive \u00e0 grand pas. Le dernier entra\u00eenement de la saison aura lieu le 28 juin. Les tireurs ayant lou\u00e9 des tenues pourront les ramener propre et s\u00e8che le 28\/06 de 14h30 \u00e0 16h30 ; le 30\/06 de 18h30 \u00e0 19h30 ; le lundi 03\/07\u2026","rel":"","context":"Article similaire","block_context":{"text":"Article similaire","link":""},"img":{"alt_text":"","src":"","width":0,"height":0},"classes":[]}],"_links":{"self":[{"href":"https:\/\/www.escrimepaloise.com\/wordpress\/wp-json\/wp\/v2\/pages\/11903","targetHints":{"allow":["GET"]}}],"collection":[{"href":"https:\/\/www.escrimepaloise.com\/wordpress\/wp-json\/wp\/v2\/pages"}],"about":[{"href":"https:\/\/www.escrimepaloise.com\/wordpress\/wp-json\/wp\/v2\/types\/page"}],"author":[{"embeddable":true,"href":"https:\/\/www.escrimepaloise.com\/wordpress\/wp-json\/wp\/v2\/users\/1"}],"replies":[{"embeddable":true,"href":"https:\/\/www.escrimepaloise.com\/wordpress\/wp-json\/wp\/v2\/comments?post=11903"}],"version-history":[{"count":4,"href":"https:\/\/www.escrimepaloise.com\/wordpress\/wp-json\/wp\/v2\/pages\/11903\/revisions"}],"predecessor-version":[{"id":11978,"href":"https:\/\/www.escrimepaloise.com\/wordpress\/wp-json\/wp\/v2\/pages\/11903\/revisions\/11978"}],"wp:attachment":[{"href":"https:\/\/www.escrimepaloise.com\/wordpress\/wp-json\/wp\/v2\/media?parent=11903"}],"curies":[{"name":"wp","href":"https:\/\/api.w.org\/{rel}","templated":true}]}}