{"id":12136,"date":"2016-09-03T14:14:17","date_gmt":"2016-09-03T12:14:17","guid":{"rendered":"http:\/\/www.escrimepaloise.com\/wordpress\/?page_id=12136"},"modified":"2016-12-17T11:33:16","modified_gmt":"2016-12-17T10:33:16","slug":"labels","status":"publish","type":"page","link":"https:\/\/www.escrimepaloise.com\/wordpress\/labels\/","title":{"rendered":"Labels"},"content":{"rendered":"<h1 style=\"text-align: center;\">La section, un club labellis\u00e9 par la FFE !<\/h1>\n<p><img data-recalc-dims=\"1\" loading=\"lazy\" decoding=\"async\" data-attachment-id=\"12140\" data-permalink=\"https:\/\/www.escrimepaloise.com\/wordpress\/labels\/labels-2\/\" data-orig-file=\"https:\/\/i0.wp.com\/www.escrimepaloise.com\/wordpress\/wp-content\/uploads\/2016\/09\/labels.jpg?fit=283%2C302&amp;ssl=1\" data-orig-size=\"283,302\" data-comments-opened=\"0\" data-image-meta=\"{&quot;aperture&quot;:&quot;0&quot;,&quot;credit&quot;:&quot;&quot;,&quot;camera&quot;:&quot;&quot;,&quot;caption&quot;:&quot;&quot;,&quot;created_timestamp&quot;:&quot;0&quot;,&quot;copyright&quot;:&quot;&quot;,&quot;focal_length&quot;:&quot;0&quot;,&quot;iso&quot;:&quot;0&quot;,&quot;shutter_speed&quot;:&quot;0&quot;,&quot;title&quot;:&quot;&quot;,&quot;orientation&quot;:&quot;1&quot;}\" data-image-title=\"labels\" data-image-description=\"\" data-image-caption=\"\" data-medium-file=\"https:\/\/i0.wp.com\/www.escrimepaloise.com\/wordpress\/wp-content\/uploads\/2016\/09\/labels.jpg?fit=281%2C300&amp;ssl=1\" data-large-file=\"https:\/\/i0.wp.com\/www.escrimepaloise.com\/wordpress\/wp-content\/uploads\/2016\/09\/labels.jpg?fit=283%2C302&amp;ssl=1\" class=\" wp-image-12140 alignleft\" src=\"https:\/\/i0.wp.com\/www.escrimepaloise.com\/wordpress\/wp-content\/uploads\/2016\/09\/labels.jpg?resize=357%2C381&#038;ssl=1\" alt=\"labels\" width=\"357\" height=\"381\" srcset=\"https:\/\/i0.wp.com\/www.escrimepaloise.com\/wordpress\/wp-content\/uploads\/2016\/09\/labels.jpg?resize=200%2C213&amp;ssl=1 200w, https:\/\/i0.wp.com\/www.escrimepaloise.com\/wordpress\/wp-content\/uploads\/2016\/09\/labels.jpg?resize=281%2C300&amp;ssl=1 281w, https:\/\/i0.wp.com\/www.escrimepaloise.com\/wordpress\/wp-content\/uploads\/2016\/09\/labels.jpg?w=283&amp;ssl=1 283w\" sizes=\"auto, (max-width: 357px) 100vw, 357px\" \/>Les labels constituent un gage de qualit\u00e9 quant \u00e0 l\u2019accueil, l\u2019enseignement, les r\u00e9sultats et le d\u00e9veloppement. Ils sont remis par la F\u00e9d\u00e9ration Fran\u00e7aise d\u2019Escrime.<\/p>\n<p>La section a obtenu \u00a0les labels suivants\u00a0:<br \/>\n<b><br \/>\n\u2022 Label Ecole d\u2019Escrime<\/b>\u00a0pour la qualit\u00e9 de notre encadrement et de notre infrastructure<\/p>\n<p><b>\u2022 Label Performance Or<\/b>\u00a0pour nos r\u00e9sultats sportifs, pour l\u2019organisation de nos comp\u00e9titions<\/p>\n<p><b>\u2022 Label Formateur<\/b>\u00a0pour notre politique de formation<\/p>\n<p><b>\u2022 Label Prestige<\/b>\u00a0pour notre communication, notre qualit\u00e9 d\u2019infrastructure, pour notre encouragement au b\u00e9n\u00e9volat et pour le dynamisme de nos dirigeants.<\/p>\n<p>&nbsp;<\/p>\n","protected":false},"excerpt":{"rendered":"<p>La section, un club labellis\u00e9 par la FFE ! Les labels constituent un gage de qualit\u00e9 quant \u00e0 l\u2019accueil, l\u2019enseignement, les r\u00e9sultats et le d\u00e9veloppement. Ils sont remis par la F\u00e9d\u00e9ration Fran\u00e7aise d\u2019Escrime. La section a obtenu \u00a0les labels suivants\u00a0: \u2022 Label Ecole d\u2019Escrime\u00a0pour la qualit\u00e9 de notre encadrement et de notre infrastructure \u2022 Label [&hellip;]<\/p>\n","protected":false},"author":1,"featured_media":0,"parent":0,"menu_order":0,"comment_status":"closed","ping_status":"closed","template":"","meta":{"jetpack_post_was_ever_published":false,"footnotes":""},"class_list":["post-12136","page","type-page","status-publish","hentry"],"jetpack_sharing_enabled":true,"jetpack_shortlink":"https:\/\/wp.me\/P8aWQh-39K","jetpack-related-posts":[{"id":11858,"url":"https:\/\/www.escrimepaloise.com\/wordpress\/informations\/inscription\/","url_meta":{"origin":12136,"position":0},"title":"Inscription","author":"spescrime","date":"7 juillet 2016","format":false,"excerpt":"","rel":"","context":"Article similaire","block_context":{"text":"Article similaire","link":""},"img":{"alt_text":"","src":"https:\/\/i0.wp.com\/www.escrimepaloise.com\/wordpress\/wp-content\/uploads\/2023\/09\/Capture-decran-2023-09-05-a-21.06.07-300x130.png?resize=350%2C200&ssl=1","width":350,"height":200},"classes":[]},{"id":25420,"url":"https:\/\/www.escrimepaloise.com\/wordpress\/25420-2\/","url_meta":{"origin":12136,"position":1},"title":"F\u00eate du club","author":"spescrime","date":"7 juin 2023","format":false,"excerpt":"Chers parents, chers licenci\u00e9s, Notre traditionnelle f\u00eate de fin d'ann\u00e9e aura lieu 27\/06 \u00e0 19h00 au restaurant l'Aygo. L'occasion\u00a0pour tous de nous rassembler, vous pr\u00e9senter les r\u00e9sultats sportifs de cette saison et de partager un moment convivial. Cette ann\u00e9e nous changeons de formule et vous proposons une d\u00e9licieuse galette bretonne\u2026","rel":"","context":"Article similaire","block_context":{"text":"Article similaire","link":""},"img":{"alt_text":"","src":"https:\/\/i0.wp.com\/www.escrimepaloise.com\/wordpress\/wp-content\/uploads\/2024\/05\/image-293x300.png?resize=350%2C200&ssl=1","width":350,"height":200},"classes":[]},{"id":11855,"url":"https:\/\/www.escrimepaloise.com\/wordpress\/historique\/","url_meta":{"origin":12136,"position":2},"title":"Historique","author":"spescrime","date":"7 juillet 2016","format":false,"excerpt":"","rel":"","context":"Article similaire","block_context":{"text":"Article similaire","link":""},"img":{"alt_text":"l-escrime-fleuron-de-pau","src":"https:\/\/i0.wp.com\/www.escrimepaloise.com\/wordpress\/wp-content\/uploads\/2016\/09\/l-escrime-fleuron-de-pau.jpg?resize=350%2C200","width":350,"height":200,"srcset":"https:\/\/i0.wp.com\/www.escrimepaloise.com\/wordpress\/wp-content\/uploads\/2016\/09\/l-escrime-fleuron-de-pau.jpg?resize=350%2C200 1x, https:\/\/i0.wp.com\/www.escrimepaloise.com\/wordpress\/wp-content\/uploads\/2016\/09\/l-escrime-fleuron-de-pau.jpg?resize=525%2C300 1.5x, https:\/\/i0.wp.com\/www.escrimepaloise.com\/wordpress\/wp-content\/uploads\/2016\/09\/l-escrime-fleuron-de-pau.jpg?resize=700%2C400 2x"},"classes":[]},{"id":11901,"url":"https:\/\/www.escrimepaloise.com\/wordpress\/qui-sommes-nous\/","url_meta":{"origin":12136,"position":3},"title":"Qui sommes nous ?","author":"spescrime","date":"7 juillet 2016","format":false,"excerpt":"Un club formateur avec des valeurs Une pratique pour tous Enfants, jeunes, adultes, retrait\u00e9s\u00a0 Eveil, loisir, comp\u00e9tition et haut niveau\u00a0 Valides et handicap\u00e9s\u00a0 Adapt\u00e9e au budget Apprentissage des valeurs de l\u2019escrime Respect de sa sant\u00e9\u00a0 Citoyennet\u00e9 et respect d\u2019autrui\u00a0 Loyaut\u00e9 et courtoisie\u00a0 Ma\u00eetrise de soi Un club actif 2000 enfants\u2026","rel":"","context":"Article similaire","block_context":{"text":"Article similaire","link":""},"img":{"alt_text":"handi","src":"https:\/\/i0.wp.com\/www.escrimepaloise.com\/wordpress\/wp-content\/uploads\/2016\/08\/handi-1024x768.jpg?resize=350%2C200","width":350,"height":200},"classes":[]},{"id":11823,"url":"https:\/\/www.escrimepaloise.com\/wordpress\/liens\/","url_meta":{"origin":12136,"position":4},"title":"Liens","author":"Christophe Larrouturrou","date":"30 mars 2016","format":false,"excerpt":"F\u00e9d\u00e9ration Internationale d'Escrime Conf\u00e9d\u00e9ration Europ\u00e9enne d'Escrime F\u00e9d\u00e9ration Fran\u00e7aise d'Escrime Handisport Escrime Ligue d'Escrime d'Aquitaine Escrime Info Club des supporters des Equipes de France Dictionnaire des termes d'escrime Animation explicative sur l'escrime Logiciel Engarde Feuilles et r\u00e8glement \u00e0 t\u00e9l\u00e9charger Emissions \"Engarde!\" de Sport + Ville de Pau Centre d\u00e9partemental Nelson Paillou\u2026","rel":"","context":"Article similaire","block_context":{"text":"Article similaire","link":""},"img":{"alt_text":"","src":"https:\/\/i0.wp.com\/escrimepaloise.com\/logo\/logo_fie.gif?resize=350%2C200","width":350,"height":200},"classes":[]},{"id":11849,"url":"https:\/\/www.escrimepaloise.com\/wordpress\/calendrier\/","url_meta":{"origin":12136,"position":5},"title":"Calendrier FFE","author":"spescrime","date":"30 mars 2016","format":false,"excerpt":"Pour information le calendrier en ligne a \u00e9t\u00e9 mis \u00e0 jour avec toutes les \u00e9preuves nationales et r\u00e9gionales aux trois armes. http:\/\/resultats.escrime-nouvelle-aquitaine.fr\/ Quand vous arrivez sur la page : Vous cliquez sur une cat\u00e9gorie et vous pouvez obtenir : les classements, le calendrier pour une cat\u00e9gorie ou le calendrier global\u2026","rel":"","context":"Article similaire","block_context":{"text":"Article similaire","link":""},"img":{"alt_text":"","src":"","width":0,"height":0},"classes":[]}],"_links":{"self":[{"href":"https:\/\/www.escrimepaloise.com\/wordpress\/wp-json\/wp\/v2\/pages\/12136","targetHints":{"allow":["GET"]}}],"collection":[{"href":"https:\/\/www.escrimepaloise.com\/wordpress\/wp-json\/wp\/v2\/pages"}],"about":[{"href":"https:\/\/www.escrimepaloise.com\/wordpress\/wp-json\/wp\/v2\/types\/page"}],"author":[{"embeddable":true,"href":"https:\/\/www.escrimepaloise.com\/wordpress\/wp-json\/wp\/v2\/users\/1"}],"replies":[{"embeddable":true,"href":"https:\/\/www.escrimepaloise.com\/wordpress\/wp-json\/wp\/v2\/comments?post=12136"}],"version-history":[{"count":7,"href":"https:\/\/www.escrimepaloise.com\/wordpress\/wp-json\/wp\/v2\/pages\/12136\/revisions"}],"predecessor-version":[{"id":12152,"href":"https:\/\/www.escrimepaloise.com\/wordpress\/wp-json\/wp\/v2\/pages\/12136\/revisions\/12152"}],"wp:attachment":[{"href":"https:\/\/www.escrimepaloise.com\/wordpress\/wp-json\/wp\/v2\/media?parent=12136"}],"curies":[{"name":"wp","href":"https:\/\/api.w.org\/{rel}","templated":true}]}}