{"id":25420,"date":"2023-06-07T16:13:39","date_gmt":"2023-06-07T14:13:39","guid":{"rendered":"https:\/\/www.escrimepaloise.com\/wordpress\/?page_id=25420"},"modified":"2024-05-27T15:38:38","modified_gmt":"2024-05-27T13:38:38","slug":"25420-2","status":"publish","type":"page","link":"https:\/\/www.escrimepaloise.com\/wordpress\/25420-2\/","title":{"rendered":"F\u00eate du club"},"content":{"rendered":"<p>Chers parents, chers licenci\u00e9s,<\/p>\n<div>Notre traditionnelle f\u00eate de fin d&rsquo;ann\u00e9e aura lieu 27\/06 \u00e0 19h00 au restaurant l&rsquo;Aygo.<\/div>\n<div>L&rsquo;occasion\u00a0pour tous de nous rassembler, vous pr\u00e9senter les r\u00e9sultats sportifs de cette saison et de partager un moment convivial.<\/div>\n<div>Cette ann\u00e9e nous changeons de formule et vous proposons une d\u00e9licieuse galette bretonne \u00e0 la saucisse agr\u00e9ment\u00e9 de petites surprises.<\/div>\n<div>Une participation de 15\u20ac par personnes vous sera demand\u00e9e.<\/div>\n<div>Merci de vous inscrire via <a href=\"https:\/\/www.helloasso.com\/associations\/section-paloise-escrime\/evenements\/repas-du-club-le-27-06\">Helloasso<\/a> avant le 20\/06.<iframe id=\"haWidget\" style=\"width: 100%; height: 70px; border: none;\" src=\"https:\/\/www.helloasso.com\/associations\/section-paloise-escrime\/evenements\/repas-du-club-le-27-06\/widget-bouton\"><\/iframe><\/div>\n<div><\/div>\n<div>R\u00e9servation obligatoire<\/div>\n<div>A tr\u00e9s vite<\/div>\n<div>Section Paloise Escrime<\/div>\n<div><\/div>\n<div><a href=\"https:\/\/i0.wp.com\/www.escrimepaloise.com\/wordpress\/wp-content\/uploads\/2024\/05\/image.png?ssl=1\"><img data-recalc-dims=\"1\" loading=\"lazy\" decoding=\"async\" data-attachment-id=\"25865\" data-permalink=\"https:\/\/www.escrimepaloise.com\/wordpress\/25420-2\/image-3\/\" data-orig-file=\"https:\/\/i0.wp.com\/www.escrimepaloise.com\/wordpress\/wp-content\/uploads\/2024\/05\/image.png?fit=577%2C590&amp;ssl=1\" data-orig-size=\"577,590\" data-comments-opened=\"0\" data-image-meta=\"{&quot;aperture&quot;:&quot;0&quot;,&quot;credit&quot;:&quot;&quot;,&quot;camera&quot;:&quot;&quot;,&quot;caption&quot;:&quot;&quot;,&quot;created_timestamp&quot;:&quot;0&quot;,&quot;copyright&quot;:&quot;&quot;,&quot;focal_length&quot;:&quot;0&quot;,&quot;iso&quot;:&quot;0&quot;,&quot;shutter_speed&quot;:&quot;0&quot;,&quot;title&quot;:&quot;&quot;,&quot;orientation&quot;:&quot;0&quot;}\" data-image-title=\"image\" data-image-description=\"\" data-image-caption=\"\" data-large-file=\"https:\/\/i0.wp.com\/www.escrimepaloise.com\/wordpress\/wp-content\/uploads\/2024\/05\/image.png?fit=577%2C590&amp;ssl=1\" class=\"aligncenter size-medium wp-image-25865\" src=\"https:\/\/i0.wp.com\/www.escrimepaloise.com\/wordpress\/wp-content\/uploads\/2024\/05\/image.png?resize=293%2C300&#038;ssl=1\" alt=\"\" width=\"293\" height=\"300\" srcset=\"https:\/\/i0.wp.com\/www.escrimepaloise.com\/wordpress\/wp-content\/uploads\/2024\/05\/image.png?resize=200%2C205&amp;ssl=1 200w, https:\/\/i0.wp.com\/www.escrimepaloise.com\/wordpress\/wp-content\/uploads\/2024\/05\/image.png?resize=293%2C300&amp;ssl=1 293w, https:\/\/i0.wp.com\/www.escrimepaloise.com\/wordpress\/wp-content\/uploads\/2024\/05\/image.png?resize=400%2C409&amp;ssl=1 400w, https:\/\/i0.wp.com\/www.escrimepaloise.com\/wordpress\/wp-content\/uploads\/2024\/05\/image.png?w=577&amp;ssl=1 577w\" sizes=\"auto, (max-width: 293px) 100vw, 293px\" \/><\/a><\/div>\n","protected":false},"excerpt":{"rendered":"<p>Chers parents, chers licenci\u00e9s, Notre traditionnelle f\u00eate de fin d&rsquo;ann\u00e9e aura lieu 27\/06 \u00e0 19h00 au restaurant l&rsquo;Aygo. L&rsquo;occasion\u00a0pour tous de nous rassembler, vous pr\u00e9senter les r\u00e9sultats sportifs de cette saison et de partager un moment convivial. Cette ann\u00e9e nous changeons de formule et vous proposons une d\u00e9licieuse galette bretonne \u00e0 la saucisse agr\u00e9ment\u00e9 de [&hellip;]<\/p>\n","protected":false},"author":1,"featured_media":0,"parent":0,"menu_order":0,"comment_status":"closed","ping_status":"closed","template":"","meta":{"jetpack_post_was_ever_published":false,"footnotes":""},"class_list":["post-25420","page","type-page","status-publish","hentry"],"jetpack_sharing_enabled":true,"jetpack_shortlink":"https:\/\/wp.me\/P8aWQh-6C0","jetpack-related-posts":[{"id":11849,"url":"https:\/\/www.escrimepaloise.com\/wordpress\/calendrier\/","url_meta":{"origin":25420,"position":0},"title":"Calendrier FFE","author":"spescrime","date":"30 mars 2016","format":false,"excerpt":"Pour information le calendrier en ligne a \u00e9t\u00e9 mis \u00e0 jour avec toutes les \u00e9preuves nationales et r\u00e9gionales aux trois armes. http:\/\/resultats.escrime-nouvelle-aquitaine.fr\/ Quand vous arrivez sur la page : Vous cliquez sur une cat\u00e9gorie et vous pouvez obtenir : les classements, le calendrier pour une cat\u00e9gorie ou le calendrier global\u2026","rel":"","context":"Article similaire","block_context":{"text":"Article similaire","link":""},"img":{"alt_text":"","src":"","width":0,"height":0},"classes":[]},{"id":11858,"url":"https:\/\/www.escrimepaloise.com\/wordpress\/informations\/inscription\/","url_meta":{"origin":25420,"position":1},"title":"Inscription","author":"spescrime","date":"7 juillet 2016","format":false,"excerpt":"","rel":"","context":"Article similaire","block_context":{"text":"Article similaire","link":""},"img":{"alt_text":"","src":"https:\/\/i0.wp.com\/www.escrimepaloise.com\/wordpress\/wp-content\/uploads\/2023\/09\/Capture-decran-2023-09-05-a-21.06.07-300x130.png?resize=350%2C200&ssl=1","width":350,"height":200},"classes":[]},{"id":11901,"url":"https:\/\/www.escrimepaloise.com\/wordpress\/qui-sommes-nous\/","url_meta":{"origin":25420,"position":2},"title":"Qui sommes nous ?","author":"spescrime","date":"7 juillet 2016","format":false,"excerpt":"Un club formateur avec des valeurs Une pratique pour tous Enfants, jeunes, adultes, retrait\u00e9s\u00a0 Eveil, loisir, comp\u00e9tition et haut niveau\u00a0 Valides et handicap\u00e9s\u00a0 Adapt\u00e9e au budget Apprentissage des valeurs de l\u2019escrime Respect de sa sant\u00e9\u00a0 Citoyennet\u00e9 et respect d\u2019autrui\u00a0 Loyaut\u00e9 et courtoisie\u00a0 Ma\u00eetrise de soi Un club actif 2000 enfants\u2026","rel":"","context":"Article similaire","block_context":{"text":"Article similaire","link":""},"img":{"alt_text":"handi","src":"https:\/\/i0.wp.com\/www.escrimepaloise.com\/wordpress\/wp-content\/uploads\/2016\/08\/handi-1024x768.jpg?resize=350%2C200","width":350,"height":200},"classes":[]},{"id":25095,"url":"https:\/\/www.escrimepaloise.com\/wordpress\/competition\/","url_meta":{"origin":25420,"position":3},"title":"National","author":"spescrime","date":"18 janvier 2023","format":false,"excerpt":"CHAMPIONNAT DE FRANCE M20 17&18 MAI 2025 La Section Paloise Escrime a le plaisir de vous convier au championnat de France M20 Sabre qu\u2019elle organisera les 17 et 18 mai au complexe de Pelote (Ja\u00ef Ala\u00ef), 458 Boulevard du Cami Sali\u00e9 \u00e0 Pau. Horaires Engagements Navettes H\u00f4tels R\u00e9sultats \u00a0 Restauration\u00a0:\u2026","rel":"","context":"Article similaire","block_context":{"text":"Article similaire","link":""},"img":{"alt_text":"","src":"https:\/\/i0.wp.com\/cdn-icons-png.flaticon.com\/128\/3288\/3288819.png?resize=350%2C200&ssl=1","width":350,"height":200},"classes":[]},{"id":11855,"url":"https:\/\/www.escrimepaloise.com\/wordpress\/historique\/","url_meta":{"origin":25420,"position":4},"title":"Historique","author":"spescrime","date":"7 juillet 2016","format":false,"excerpt":"","rel":"","context":"Article similaire","block_context":{"text":"Article similaire","link":""},"img":{"alt_text":"l-escrime-fleuron-de-pau","src":"https:\/\/i0.wp.com\/www.escrimepaloise.com\/wordpress\/wp-content\/uploads\/2016\/09\/l-escrime-fleuron-de-pau.jpg?resize=350%2C200","width":350,"height":200,"srcset":"https:\/\/i0.wp.com\/www.escrimepaloise.com\/wordpress\/wp-content\/uploads\/2016\/09\/l-escrime-fleuron-de-pau.jpg?resize=350%2C200 1x, https:\/\/i0.wp.com\/www.escrimepaloise.com\/wordpress\/wp-content\/uploads\/2016\/09\/l-escrime-fleuron-de-pau.jpg?resize=525%2C300 1.5x, https:\/\/i0.wp.com\/www.escrimepaloise.com\/wordpress\/wp-content\/uploads\/2016\/09\/l-escrime-fleuron-de-pau.jpg?resize=700%2C400 2x"},"classes":[]},{"id":11952,"url":"https:\/\/www.escrimepaloise.com\/wordpress\/palmares\/","url_meta":{"origin":25420,"position":5},"title":"Palmar\u00e8s","author":"spescrime","date":"8 juillet 2016","format":false,"excerpt":"","rel":"","context":"Article similaire","block_context":{"text":"Article similaire","link":""},"img":{"alt_text":"Logo1","src":"https:\/\/i0.wp.com\/www.escrimepaloise.com\/wordpress\/wp-content\/uploads\/2016\/08\/Logo1-300x273.png?resize=350%2C200","width":350,"height":200},"classes":[]}],"_links":{"self":[{"href":"https:\/\/www.escrimepaloise.com\/wordpress\/wp-json\/wp\/v2\/pages\/25420","targetHints":{"allow":["GET"]}}],"collection":[{"href":"https:\/\/www.escrimepaloise.com\/wordpress\/wp-json\/wp\/v2\/pages"}],"about":[{"href":"https:\/\/www.escrimepaloise.com\/wordpress\/wp-json\/wp\/v2\/types\/page"}],"author":[{"embeddable":true,"href":"https:\/\/www.escrimepaloise.com\/wordpress\/wp-json\/wp\/v2\/users\/1"}],"replies":[{"embeddable":true,"href":"https:\/\/www.escrimepaloise.com\/wordpress\/wp-json\/wp\/v2\/comments?post=25420"}],"version-history":[{"count":5,"href":"https:\/\/www.escrimepaloise.com\/wordpress\/wp-json\/wp\/v2\/pages\/25420\/revisions"}],"predecessor-version":[{"id":25866,"href":"https:\/\/www.escrimepaloise.com\/wordpress\/wp-json\/wp\/v2\/pages\/25420\/revisions\/25866"}],"wp:attachment":[{"href":"https:\/\/www.escrimepaloise.com\/wordpress\/wp-json\/wp\/v2\/media?parent=25420"}],"curies":[{"name":"wp","href":"https:\/\/api.w.org\/{rel}","templated":true}]}}